{"id":7240,"date":"2021-03-19T13:06:26","date_gmt":"2021-03-19T13:06:26","guid":{"rendered":"https:\/\/saleshouse.eu\/kontakt\/"},"modified":"2025-05-06T17:29:28","modified_gmt":"2025-05-06T17:29:28","slug":"kontakt","status":"publish","type":"page","link":"https:\/\/saleshouse.eu\/sk\/kontakt\/","title":{"rendered":"Kontakt"},"content":{"rendered":"\t\t<div data-elementor-type=\"wp-page\" data-elementor-id=\"7240\" class=\"elementor elementor-7240 elementor-5509\" data-elementor-settings=\"[]\">\n\t\t\t\t\t\t<div class=\"elementor-inner\">\n\t\t\t\t\t\t\t<div class=\"elementor-section-wrap\">\n\t\t\t\t\t\t\t<section class=\"elementor-section elementor-top-section elementor-element elementor-element-08ce6ec elementor-section-boxed elementor-section-height-default elementor-section-height-default\" data-id=\"08ce6ec\" data-element_type=\"section\">\n\t\t\t\t\t\t<div class=\"elementor-container elementor-column-gap-default\">\n\t\t\t\t\t\t\t<div class=\"elementor-row\">\n\t\t\t\t\t<div class=\"elementor-column elementor-col-100 elementor-top-column elementor-element elementor-element-2e13db9\" data-id=\"2e13db9\" data-element_type=\"column\">\n\t\t\t<div class=\"elementor-column-wrap elementor-element-populated\">\n\t\t\t\t\t\t\t<div class=\"elementor-widget-wrap\">\n\t\t\t\t\t\t<section class=\"elementor-section elementor-inner-section elementor-element elementor-element-bda6c53 elementor-section-boxed elementor-section-height-default elementor-section-height-default\" data-id=\"bda6c53\" data-element_type=\"section\">\n\t\t\t\t\t\t<div class=\"elementor-container elementor-column-gap-wider\">\n\t\t\t\t\t\t\t<div class=\"elementor-row\">\n\t\t\t\t\t<div class=\"elementor-column elementor-col-50 elementor-inner-column elementor-element elementor-element-d101668\" data-id=\"d101668\" data-element_type=\"column\">\n\t\t\t<div class=\"elementor-column-wrap elementor-element-populated\">\n\t\t\t\t\t\t\t<div class=\"elementor-widget-wrap\">\n\t\t\t\t\t\t<div class=\"elementor-element elementor-element-880313a elementor-hidden-desktop elementor-hidden-tablet elementor-hidden-phone elementor-view-default elementor-position-top elementor-vertical-align-top elementor-widget elementor-widget-icon-box\" data-id=\"880313a\" data-element_type=\"widget\" data-widget_type=\"icon-box.default\">\n\t\t\t\t<div class=\"elementor-widget-container\">\n\t\t\t\t\t<div class=\"elementor-icon-box-wrapper\">\n\t\t\t\t\t\t<div class=\"elementor-icon-box-icon\">\n\t\t\t\t<a class=\"elementor-icon elementor-animation-grow\" href=\"https:\/\/goo.gl\/maps\/LpnWCpkvq98A5Kt36\">\n\t\t\t\t<i aria-hidden=\"true\" class=\"fas fa-map-marker-alt\"><\/i>\t\t\t\t<\/a>\n\t\t\t<\/div>\n\t\t\t\t\t\t<div class=\"elementor-icon-box-content\">\n\t\t\t\t<h3 class=\"elementor-icon-box-title\">\n\t\t\t\t\t<a href=\"https:\/\/goo.gl\/maps\/LpnWCpkvq98A5Kt36\">Praha<\/a>\n\t\t\t\t<\/h3>\n\t\t\t\t\t\t\t\t<p class=\"elementor-icon-box-description\">Sales House s. r. o. <br\/>\n<a href =\"https:\/\/maps.app.goo.gl\/cpUZpcXXR6m3XoPt7\">Galvaniho 15\/A, 821 04  Bratislava<\/a>\n<a href=\"tel:+420771233674\">\ntel.: +420 771 233 674<\/a><br\/>\n<a href=\"mailto:info@saleshouse.eu\">\ne-mail: info@saleshouse.eu\n<\/a> <\/p>\n\t\t\t\t\t\t\t<\/div>\n\t\t<\/div>\n\t\t\t\t<\/div>\n\t\t\t\t<\/div>\n\t\t\t\t<div class=\"elementor-element elementor-element-cd1102e elementor-view-default elementor-position-top elementor-vertical-align-top elementor-widget elementor-widget-icon-box\" data-id=\"cd1102e\" data-element_type=\"widget\" data-widget_type=\"icon-box.default\">\n\t\t\t\t<div class=\"elementor-widget-container\">\n\t\t\t\t\t<div class=\"elementor-icon-box-wrapper\">\n\t\t\t\t\t\t<div class=\"elementor-icon-box-icon\">\n\t\t\t\t<a class=\"elementor-icon elementor-animation-grow\" href=\"https:\/\/goo.gl\/maps\/LpnWCpkvq98A5Kt36\">\n\t\t\t\t<i aria-hidden=\"true\" class=\"fas fa-map-marker-alt\"><\/i>\t\t\t\t<\/a>\n\t\t\t<\/div>\n\t\t\t\t\t\t<div class=\"elementor-icon-box-content\">\n\t\t\t\t<h3 class=\"elementor-icon-box-title\">\n\t\t\t\t\t<a href=\"https:\/\/goo.gl\/maps\/LpnWCpkvq98A5Kt36\">Praha<\/a>\n\t\t\t\t<\/h3>\n\t\t\t\t\t\t\t\t<p class=\"elementor-icon-box-description\">Sales House s. r. o. <br\/>\nV\u00fdpis z OR, C 156982 veden\u00e1 u M\u011bstsk\u00e9ho soudu v Praze.<br>\n\n<a href =\"https:\/\/goo.gl\/maps\/LpnWCpkvq98A5Kt36\">Vinohradsk\u00e1 2828\/151, \n130 00  Praha 3, Budova 2C<\/a>\n<br>\n<a href=\"tel:+420771233674\">\ntel.: +420 771 233 674<\/a><br\/>\n<a href=\"mailto:info@saleshouse.eu\">\ne-mail: info@saleshouse.eu\n<\/a> <\/p>\n\t\t\t\t\t\t\t<\/div>\n\t\t<\/div>\n\t\t\t\t<\/div>\n\t\t\t\t<\/div>\n\t\t\t\t<div class=\"elementor-element elementor-element-66d0367 elementor-hidden-desktop elementor-hidden-tablet elementor-hidden-phone elementor-view-default elementor-position-top elementor-vertical-align-top elementor-widget elementor-widget-icon-box\" data-id=\"66d0367\" data-element_type=\"widget\" data-widget_type=\"icon-box.default\">\n\t\t\t\t<div class=\"elementor-widget-container\">\n\t\t\t\t\t<div class=\"elementor-icon-box-wrapper\">\n\t\t\t\t\t\t<div class=\"elementor-icon-box-icon\">\n\t\t\t\t<a class=\"elementor-icon elementor-animation-grow\" href=\"https:\/\/goo.gl\/maps\/azrkddaa3oHmUm1v8\">\n\t\t\t\t<i aria-hidden=\"true\" class=\"fas fa-map-marker-alt\"><\/i>\t\t\t\t<\/a>\n\t\t\t<\/div>\n\t\t\t\t\t\t<div class=\"elementor-icon-box-content\">\n\t\t\t\t<h3 class=\"elementor-icon-box-title\">\n\t\t\t\t\t<a href=\"https:\/\/goo.gl\/maps\/azrkddaa3oHmUm1v8\">Bratislava<\/a>\n\t\t\t\t<\/h3>\n\t\t\t\t\t\t\t\t<p class=\"elementor-icon-box-description\">Sales House SK s. r. o <br\/>\n<a href =\"https:\/\/maps.app.goo.gl\/cpUZpcXXR6m3XoPt7\">Galvaniho 15\/A, 821 04  Bratislava\n<\/a><br\/>\n<a href=\"tel:+421902240873\">\ntel.: +421 902 240 873\n<\/a><br\/>\n<a href=\"mailto:info@saleshouse.eu\">\ne-mail: info@saleshouse.eu\n<\/a> <\/p>\n\t\t\t\t\t\t\t<\/div>\n\t\t<\/div>\n\t\t\t\t<\/div>\n\t\t\t\t<\/div>\n\t\t\t\t<div class=\"elementor-element elementor-element-3c7bbeb elementor-view-default elementor-position-top elementor-vertical-align-top elementor-widget elementor-widget-icon-box\" data-id=\"3c7bbeb\" data-element_type=\"widget\" data-widget_type=\"icon-box.default\">\n\t\t\t\t<div class=\"elementor-widget-container\">\n\t\t\t\t\t<div class=\"elementor-icon-box-wrapper\">\n\t\t\t\t\t\t<div class=\"elementor-icon-box-icon\">\n\t\t\t\t<a class=\"elementor-icon elementor-animation-grow\" href=\"https:\/\/goo.gl\/maps\/azrkddaa3oHmUm1v8\">\n\t\t\t\t<i aria-hidden=\"true\" class=\"fas fa-map-marker-alt\"><\/i>\t\t\t\t<\/a>\n\t\t\t<\/div>\n\t\t\t\t\t\t<div class=\"elementor-icon-box-content\">\n\t\t\t\t<h3 class=\"elementor-icon-box-title\">\n\t\t\t\t\t<a href=\"https:\/\/goo.gl\/maps\/azrkddaa3oHmUm1v8\">Bratislava<\/a>\n\t\t\t\t<\/h3>\n\t\t\t\t\t\t\t\t<p class=\"elementor-icon-box-description\">Sales House SK s. r. o <br\/>\nOR veden\u00fd Mestsk\u00fdm s\u00fadom Bratislava III, oddiel Sro, vlo\u017eka 59934\/B.  <br>\n\n<a href =\"https:\/\/maps.app.goo.gl\/KguBZMYNF56MdSUu5\">Regus GBC III, Galvaniho 15\/A, Bratislava, 821 04\n<\/a><br\/>\n\n<a href=\"mailto:info@saleshouse.eu\">\ne-mail: info@saleshouse.eu\n<\/a> <\/p>\n\t\t\t\t\t\t\t<\/div>\n\t\t<\/div>\n\t\t\t\t<\/div>\n\t\t\t\t<\/div>\n\t\t\t\t\t\t<\/div>\n\t\t\t\t\t<\/div>\n\t\t<\/div>\n\t\t\t\t<div class=\"elementor-column elementor-col-50 elementor-inner-column elementor-element elementor-element-5184a57\" data-id=\"5184a57\" data-element_type=\"column\">\n\t\t\t<div class=\"elementor-column-wrap elementor-element-populated\">\n\t\t\t\t\t\t\t<div class=\"elementor-widget-wrap\">\n\t\t\t\t\t\t<div class=\"elementor-element elementor-element-0326e46 elementor-widget elementor-widget-heading\" data-id=\"0326e46\" data-element_type=\"widget\" data-widget_type=\"heading.default\">\n\t\t\t\t<div class=\"elementor-widget-container\">\n\t\t\t<h2 class=\"elementor-heading-title elementor-size-default\">Kontaktujte n\u00e1s<\/h2>\t\t<\/div>\n\t\t\t\t<\/div>\n\t\t\t\t<div class=\"elementor-element elementor-element-44ce222 elementor-widget elementor-widget-spacer\" data-id=\"44ce222\" data-element_type=\"widget\" data-widget_type=\"spacer.default\">\n\t\t\t\t<div class=\"elementor-widget-container\">\n\t\t\t\t\t<div class=\"elementor-spacer\">\n\t\t\t<div class=\"elementor-spacer-inner\"><\/div>\n\t\t<\/div>\n\t\t\t\t<\/div>\n\t\t\t\t<\/div>\n\t\t\t\t<div class=\"elementor-element elementor-element-bbc019f elementor-widget elementor-widget-text-editor\" data-id=\"bbc019f\" data-element_type=\"widget\" data-widget_type=\"text-editor.default\">\n\t\t\t\t<div class=\"elementor-widget-container\">\n\t\t\t\t\t<div class=\"elementor-text-editor elementor-clearfix\"><span style=\"font-weight: 400;\">Sme tu, aby sme V\u00e1m poskytli viac inform\u00e1ci\u00ed, odpovedali na Va\u0161e ot\u00e1zky a vytvorili rie\u0161enie pre Va\u0161e potreby.<\/span><\/div>\n\t\t\t\t<\/div>\n\t\t\t\t<\/div>\n\t\t\t\t<div class=\"elementor-element elementor-element-493fdbe elementor-button-align-stretch elementor-widget elementor-widget-form\" data-id=\"493fdbe\" data-element_type=\"widget\" data-settings=\"{&quot;button_width&quot;:&quot;20&quot;,&quot;step_type&quot;:&quot;none&quot;,&quot;step_icon_shape&quot;:&quot;none&quot;}\" data-widget_type=\"form.default\">\n\t\t\t\t<div class=\"elementor-widget-container\">\n\t\t\t\t\t<form class=\"elementor-form\" method=\"post\" name=\"New Form\">\n\t\t\t<input type=\"hidden\" name=\"post_id\" value=\"7240\"\/>\n\t\t\t<input type=\"hidden\" name=\"form_id\" value=\"493fdbe\"\/>\n\t\t\t<input type=\"hidden\" name=\"referer_title\" value=\"Sales House\" \/>\n\n\t\t\t\n\t\t\t<div class=\"elementor-form-fields-wrapper elementor-labels-above\">\n\t\t\t\t\t\t\t\t<div class=\"elementor-field-type-text elementor-field-group elementor-column elementor-field-group-name elementor-col-100 elementor-field-required elementor-mark-required\">\n\t\t\t\t\t<label for=\"form-field-name\" class=\"elementor-field-label\">Va\u0161e meno<\/label><input size=\"1\" type=\"text\" name=\"form_fields[name]\" id=\"form-field-name\" class=\"elementor-field elementor-size-sm  elementor-field-textual\" required=\"required\" aria-required=\"true\">\t\t\t\t<\/div>\n\t\t\t\t\t\t\t\t<div class=\"elementor-field-type-email elementor-field-group elementor-column elementor-field-group-field_a11f5db elementor-col-100 elementor-field-required elementor-mark-required\">\n\t\t\t\t\t<label for=\"form-field-field_a11f5db\" class=\"elementor-field-label\">V\u00e1\u0161 e-mail<\/label><input size=\"1\" type=\"email\" name=\"form_fields[field_a11f5db]\" id=\"form-field-field_a11f5db\" class=\"elementor-field elementor-size-sm  elementor-field-textual\" required=\"required\" aria-required=\"true\">\t\t\t\t<\/div>\n\t\t\t\t\t\t\t\t<div class=\"elementor-field-type-text elementor-field-group elementor-column elementor-field-group-predmet elementor-col-100\">\n\t\t\t\t\t<label for=\"form-field-predmet\" class=\"elementor-field-label\">Predmet<\/label><input size=\"1\" type=\"text\" name=\"form_fields[predmet]\" id=\"form-field-predmet\" class=\"elementor-field elementor-size-sm  elementor-field-textual\">\t\t\t\t<\/div>\n\t\t\t\t\t\t\t\t<div class=\"elementor-field-type-textarea elementor-field-group elementor-column elementor-field-group-message elementor-col-100 elementor-field-required elementor-mark-required\">\n\t\t\t\t\t<label for=\"form-field-message\" class=\"elementor-field-label\">Va\u0161a spr\u00e1va<\/label><textarea class=\"elementor-field-textual elementor-field  elementor-size-sm\" name=\"form_fields[message]\" id=\"form-field-message\" rows=\"4\" required=\"required\" aria-required=\"true\"><\/textarea>\t\t\t\t<\/div>\n\t\t\t\t\t\t\t\t<div class=\"elementor-field-type-acceptance elementor-field-group elementor-column elementor-field-group-field_c552a42 elementor-col-100 elementor-field-required elementor-mark-required\">\n\t\t\t\t\t<div class=\"elementor-field-subgroup\"><span class=\"elementor-field-option\"><input type=\"checkbox\" name=\"form_fields[field_c552a42]\" id=\"form-field-field_c552a42\" class=\"elementor-field elementor-size-sm  elementor-acceptance-field\" required=\"required\" aria-required=\"true\"> <label for=\"form-field-field_c552a42\">S\u00fahlas\u00edm so spracovan\u00edm <a href=\"https:\/\/saleshouse.eu\/sk\/gdpr\/\">osobn\u00fdch \u00fadajov<span style=\"color:#FF0000\"> *<\/span><\/a><br\/><\/label><\/span><\/div>\t\t\t\t<\/div>\n\t\t\t\t\t\t\t\t<div class=\"elementor-field-type-text\">\n\t\t\t\t\t<input size=\"1\" type=\"text\" name=\"form_fields[field_c1049b8]\" id=\"form-field-field_c1049b8\" class=\"elementor-field elementor-size-sm \" style=\"display:none !important;\">\t\t\t\t<\/div>\n\t\t\t\t\t\t\t\t<div class=\"elementor-field-type-recaptcha_v3 elementor-field-group elementor-column elementor-field-group-field_691a197 elementor-col-100 recaptcha_v3-bottomright\">\n\t\t\t\t\t<div class=\"elementor-field\" id=\"form-field-field_691a197\"><div class=\"elementor-g-recaptcha\" data-sitekey=\"6LeVLJYkAAAAAMuZoKQrZtRmROo95P3brh4p0UT0\" data-type=\"v3\" data-action=\"Form\" data-badge=\"bottomright\" data-size=\"invisible\"><\/div><\/div>\t\t\t\t<\/div>\n\t\t\t\t\t\t\t\t<div class=\"elementor-field-group elementor-column elementor-field-type-submit elementor-col-20 e-form__buttons\">\n\t\t\t\t\t<button type=\"submit\" class=\"elementor-button elementor-size-sm\">\n\t\t\t\t\t\t<span >\n\t\t\t\t\t\t\t\t\t\t\t\t\t\t\t<span class=\" elementor-button-icon\">\n\t\t\t\t\t\t\t\t\t\t\t\t\t\t\t\t\t\t\t\t\t\t\t\t\t\t<\/span>\n\t\t\t\t\t\t\t\t\t\t\t\t\t\t\t\t\t\t\t\t\t\t<span class=\"elementor-button-text\">Odosla\u0165<\/span>\n\t\t\t\t\t\t\t\t\t\t\t\t\t<\/span>\n\t\t\t\t\t<\/button>\n\t\t\t\t<\/div>\n\t\t\t<\/div>\n\t\t<\/form>\n\t\t\t\t<\/div>\n\t\t\t\t<\/div>\n\t\t\t\t<div class=\"elementor-element elementor-element-e858ee2 elementor-widget elementor-widget-spacer\" data-id=\"e858ee2\" data-element_type=\"widget\" data-widget_type=\"spacer.default\">\n\t\t\t\t<div class=\"elementor-widget-container\">\n\t\t\t\t\t<div class=\"elementor-spacer\">\n\t\t\t<div class=\"elementor-spacer-inner\"><\/div>\n\t\t<\/div>\n\t\t\t\t<\/div>\n\t\t\t\t<\/div>\n\t\t\t\t\t\t<\/div>\n\t\t\t\t\t<\/div>\n\t\t<\/div>\n\t\t\t\t\t\t\t\t<\/div>\n\t\t\t\t\t<\/div>\n\t\t<\/section>\n\t\t\t\t\t\t<\/div>\n\t\t\t\t\t<\/div>\n\t\t<\/div>\n\t\t\t\t\t\t\t\t<\/div>\n\t\t\t\t\t<\/div>\n\t\t<\/section>\n\t\t\t\t<section class=\"elementor-section elementor-top-section elementor-element elementor-element-9dc92ba elementor-section-boxed elementor-section-height-default elementor-section-height-default\" data-id=\"9dc92ba\" data-element_type=\"section\">\n\t\t\t\t\t\t<div class=\"elementor-container elementor-column-gap-default\">\n\t\t\t\t\t\t\t<div class=\"elementor-row\">\n\t\t\t\t\t<div class=\"elementor-column elementor-col-100 elementor-top-column elementor-element elementor-element-7341763\" data-id=\"7341763\" data-element_type=\"column\">\n\t\t\t<div class=\"elementor-column-wrap elementor-element-populated\">\n\t\t\t\t\t\t\t<div class=\"elementor-widget-wrap\">\n\t\t\t\t\t\t<div class=\"elementor-element elementor-element-72b86b3 elementor-widget elementor-widget-image\" data-id=\"72b86b3\" data-element_type=\"widget\" data-widget_type=\"image.default\">\n\t\t\t\t<div class=\"elementor-widget-container\">\n\t\t\t\t\t<div class=\"elementor-image\">\n\t\t\t\t\t\t\t\t\t\t<img width=\"2800\" height=\"272\" src=\"https:\/\/saleshouse.eu\/wp-content\/uploads\/2023\/08\/E-Mail-Signature-V03-family-Elements-E-Sig-Supporting-Banner-4X-1.png\" class=\"attachment-full size-full\" alt=\"\" loading=\"lazy\" srcset=\"https:\/\/saleshouse.eu\/wp-content\/uploads\/2023\/08\/E-Mail-Signature-V03-family-Elements-E-Sig-Supporting-Banner-4X-1.png 2800w, https:\/\/saleshouse.eu\/wp-content\/uploads\/2023\/08\/E-Mail-Signature-V03-family-Elements-E-Sig-Supporting-Banner-4X-1-300x29.png 300w, https:\/\/saleshouse.eu\/wp-content\/uploads\/2023\/08\/E-Mail-Signature-V03-family-Elements-E-Sig-Supporting-Banner-4X-1-1024x99.png 1024w, https:\/\/saleshouse.eu\/wp-content\/uploads\/2023\/08\/E-Mail-Signature-V03-family-Elements-E-Sig-Supporting-Banner-4X-1-768x75.png 768w, https:\/\/saleshouse.eu\/wp-content\/uploads\/2023\/08\/E-Mail-Signature-V03-family-Elements-E-Sig-Supporting-Banner-4X-1-1536x149.png 1536w, https:\/\/saleshouse.eu\/wp-content\/uploads\/2023\/08\/E-Mail-Signature-V03-family-Elements-E-Sig-Supporting-Banner-4X-1-2048x199.png 2048w\" sizes=\"(max-width: 2800px) 100vw, 2800px\" \/>\t\t\t\t\t\t\t\t\t\t\t<\/div>\n\t\t\t\t<\/div>\n\t\t\t\t<\/div>\n\t\t\t\t\t\t<\/div>\n\t\t\t\t\t<\/div>\n\t\t<\/div>\n\t\t\t\t\t\t\t\t<\/div>\n\t\t\t\t\t<\/div>\n\t\t<\/section>\n\t\t\t\t\t\t<\/div>\n\t\t\t\t\t\t<\/div>\n\t\t\t\t\t<\/div>\n\t\t","protected":false},"excerpt":{"rendered":"<p>Praha Sales House s. r. o. Galvaniho 15\/A, 821 04 Bratislava tel.: +420 771 233 674 e-mail: info@saleshouse.eu Praha Sales House s. r. o. V\u00fdpis z OR, C 156982 veden\u00e1 u M\u011bstsk\u00e9ho soudu v Praze. Vinohradsk\u00e1 2828\/151, 130 00 Praha 3, Budova 2C tel.: +420 771 233 674 e-mail: info@saleshouse.eu Bratislava Sales House SK s.&hellip;<\/p>\n","protected":false},"author":1,"featured_media":0,"parent":0,"menu_order":0,"comment_status":"closed","ping_status":"closed","template":"elementor_header_footer","meta":[],"yoast_head":"<!-- This site is optimized with the Yoast SEO plugin v19.14 - https:\/\/yoast.com\/wordpress\/plugins\/seo\/ -->\n<title>Kontakt - Sales House<\/title>\n<meta name=\"description\" content=\"Sales House SK s. r. o Star\u00e9 Grunty 18 841 04 Bratislava, Sales House s. r. o. Vinohradsk\u00e1 2828\/151, 130 00 Praha 3\" \/>\n<meta name=\"robots\" content=\"index, follow, max-snippet:-1, max-image-preview:large, max-video-preview:-1\" \/>\n<link rel=\"canonical\" href=\"https:\/\/saleshouse.eu\/sk\/kontakt\/\" \/>\n<meta property=\"og:locale\" content=\"sk_SK\" \/>\n<meta property=\"og:type\" content=\"article\" \/>\n<meta property=\"og:title\" content=\"Kontakt - Sales House\" \/>\n<meta property=\"og:description\" content=\"Sales House SK s. r. o Star\u00e9 Grunty 18 841 04 Bratislava, Sales House s. r. o. Vinohradsk\u00e1 2828\/151, 130 00 Praha 3\" \/>\n<meta property=\"og:url\" content=\"https:\/\/saleshouse.eu\/sk\/kontakt\/\" \/>\n<meta property=\"og:site_name\" content=\"Sales House\" \/>\n<meta property=\"article:modified_time\" content=\"2025-05-06T17:29:28+00:00\" \/>\n<meta property=\"og:image\" content=\"http:\/\/saleshouse.eu\/wp-content\/uploads\/2023\/08\/E-Mail-Signature-V03-family-Elements-E-Sig-Supporting-Banner-4X-1.png\" \/>\n<meta name=\"twitter:card\" content=\"summary_large_image\" \/>\n<meta name=\"twitter:label1\" content=\"Est. reading time\" \/>\n\t<meta name=\"twitter:data1\" content=\"1 minute\" \/>\n<script type=\"application\/ld+json\" class=\"yoast-schema-graph\">{\"@context\":\"https:\/\/schema.org\",\"@graph\":[{\"@type\":\"WebPage\",\"@id\":\"https:\/\/saleshouse.eu\/sk\/kontakt\/\",\"url\":\"https:\/\/saleshouse.eu\/sk\/kontakt\/\",\"name\":\"Kontakt - Sales House\",\"isPartOf\":{\"@id\":\"https:\/\/saleshouse.eu\/#website\"},\"datePublished\":\"2021-03-19T13:06:26+00:00\",\"dateModified\":\"2025-05-06T17:29:28+00:00\",\"description\":\"Sales House SK s. r. o Star\u00e9 Grunty 18 841 04 Bratislava, Sales House s. r. o. Vinohradsk\u00e1 2828\/151, 130 00 Praha 3\",\"breadcrumb\":{\"@id\":\"https:\/\/saleshouse.eu\/sk\/kontakt\/#breadcrumb\"},\"inLanguage\":\"sk-SK\",\"potentialAction\":[{\"@type\":\"ReadAction\",\"target\":[\"https:\/\/saleshouse.eu\/sk\/kontakt\/\"]}]},{\"@type\":\"BreadcrumbList\",\"@id\":\"https:\/\/saleshouse.eu\/sk\/kontakt\/#breadcrumb\",\"itemListElement\":[{\"@type\":\"ListItem\",\"position\":1,\"name\":\"Home\",\"item\":\"https:\/\/saleshouse.eu\/sk\/\"},{\"@type\":\"ListItem\",\"position\":2,\"name\":\"Kontakt\"}]},{\"@type\":\"WebSite\",\"@id\":\"https:\/\/saleshouse.eu\/#website\",\"url\":\"https:\/\/saleshouse.eu\/\",\"name\":\"Sales House\",\"description\":\"Pom\u00e1h\u00e1me zna\u010dk\u00e1m prod\u00e1vat v\u0161ude, kde lid\u00e9 nakupuj\u00ed.\",\"publisher\":{\"@id\":\"https:\/\/saleshouse.eu\/#organization\"},\"potentialAction\":[{\"@type\":\"SearchAction\",\"target\":{\"@type\":\"EntryPoint\",\"urlTemplate\":\"https:\/\/saleshouse.eu\/?s={search_term_string}\"},\"query-input\":\"required name=search_term_string\"}],\"inLanguage\":\"sk-SK\"},{\"@type\":\"Organization\",\"@id\":\"https:\/\/saleshouse.eu\/#organization\",\"name\":\"Sales House\",\"url\":\"https:\/\/saleshouse.eu\/\",\"logo\":{\"@type\":\"ImageObject\",\"inLanguage\":\"sk-SK\",\"@id\":\"https:\/\/saleshouse.eu\/#\/schema\/logo\/image\/\",\"url\":\"https:\/\/saleshouse.eu\/wp-content\/uploads\/2022\/10\/Sales-House-logo_bez-stinu.png\",\"contentUrl\":\"https:\/\/saleshouse.eu\/wp-content\/uploads\/2022\/10\/Sales-House-logo_bez-stinu.png\",\"width\":1417,\"height\":975,\"caption\":\"Sales House\"},\"image\":{\"@id\":\"https:\/\/saleshouse.eu\/#\/schema\/logo\/image\/\"}}]}<\/script>\n<!-- \/ Yoast SEO plugin. -->","yoast_head_json":{"title":"Kontakt - Sales House","description":"Sales House SK s. r. o Star\u00e9 Grunty 18 841 04 Bratislava, Sales House s. r. o. Vinohradsk\u00e1 2828\/151, 130 00 Praha 3","robots":{"index":"index","follow":"follow","max-snippet":"max-snippet:-1","max-image-preview":"max-image-preview:large","max-video-preview":"max-video-preview:-1"},"canonical":"https:\/\/saleshouse.eu\/sk\/kontakt\/","og_locale":"sk_SK","og_type":"article","og_title":"Kontakt - Sales House","og_description":"Sales House SK s. r. o Star\u00e9 Grunty 18 841 04 Bratislava, Sales House s. r. o. Vinohradsk\u00e1 2828\/151, 130 00 Praha 3","og_url":"https:\/\/saleshouse.eu\/sk\/kontakt\/","og_site_name":"Sales House","article_modified_time":"2025-05-06T17:29:28+00:00","og_image":[{"url":"http:\/\/saleshouse.eu\/wp-content\/uploads\/2023\/08\/E-Mail-Signature-V03-family-Elements-E-Sig-Supporting-Banner-4X-1.png"}],"twitter_card":"summary_large_image","twitter_misc":{"Est. reading time":"1 minute"},"schema":{"@context":"https:\/\/schema.org","@graph":[{"@type":"WebPage","@id":"https:\/\/saleshouse.eu\/sk\/kontakt\/","url":"https:\/\/saleshouse.eu\/sk\/kontakt\/","name":"Kontakt - Sales House","isPartOf":{"@id":"https:\/\/saleshouse.eu\/#website"},"datePublished":"2021-03-19T13:06:26+00:00","dateModified":"2025-05-06T17:29:28+00:00","description":"Sales House SK s. r. o Star\u00e9 Grunty 18 841 04 Bratislava, Sales House s. r. o. Vinohradsk\u00e1 2828\/151, 130 00 Praha 3","breadcrumb":{"@id":"https:\/\/saleshouse.eu\/sk\/kontakt\/#breadcrumb"},"inLanguage":"sk-SK","potentialAction":[{"@type":"ReadAction","target":["https:\/\/saleshouse.eu\/sk\/kontakt\/"]}]},{"@type":"BreadcrumbList","@id":"https:\/\/saleshouse.eu\/sk\/kontakt\/#breadcrumb","itemListElement":[{"@type":"ListItem","position":1,"name":"Home","item":"https:\/\/saleshouse.eu\/sk\/"},{"@type":"ListItem","position":2,"name":"Kontakt"}]},{"@type":"WebSite","@id":"https:\/\/saleshouse.eu\/#website","url":"https:\/\/saleshouse.eu\/","name":"Sales House","description":"Pom\u00e1h\u00e1me zna\u010dk\u00e1m prod\u00e1vat v\u0161ude, kde lid\u00e9 nakupuj\u00ed.","publisher":{"@id":"https:\/\/saleshouse.eu\/#organization"},"potentialAction":[{"@type":"SearchAction","target":{"@type":"EntryPoint","urlTemplate":"https:\/\/saleshouse.eu\/?s={search_term_string}"},"query-input":"required name=search_term_string"}],"inLanguage":"sk-SK"},{"@type":"Organization","@id":"https:\/\/saleshouse.eu\/#organization","name":"Sales House","url":"https:\/\/saleshouse.eu\/","logo":{"@type":"ImageObject","inLanguage":"sk-SK","@id":"https:\/\/saleshouse.eu\/#\/schema\/logo\/image\/","url":"https:\/\/saleshouse.eu\/wp-content\/uploads\/2022\/10\/Sales-House-logo_bez-stinu.png","contentUrl":"https:\/\/saleshouse.eu\/wp-content\/uploads\/2022\/10\/Sales-House-logo_bez-stinu.png","width":1417,"height":975,"caption":"Sales House"},"image":{"@id":"https:\/\/saleshouse.eu\/#\/schema\/logo\/image\/"}}]}},"_links":{"self":[{"href":"https:\/\/saleshouse.eu\/sk\/wp-json\/wp\/v2\/pages\/7240"}],"collection":[{"href":"https:\/\/saleshouse.eu\/sk\/wp-json\/wp\/v2\/pages"}],"about":[{"href":"https:\/\/saleshouse.eu\/sk\/wp-json\/wp\/v2\/types\/page"}],"author":[{"embeddable":true,"href":"https:\/\/saleshouse.eu\/sk\/wp-json\/wp\/v2\/users\/1"}],"replies":[{"embeddable":true,"href":"https:\/\/saleshouse.eu\/sk\/wp-json\/wp\/v2\/comments?post=7240"}],"version-history":[{"count":39,"href":"https:\/\/saleshouse.eu\/sk\/wp-json\/wp\/v2\/pages\/7240\/revisions"}],"predecessor-version":[{"id":9012,"href":"https:\/\/saleshouse.eu\/sk\/wp-json\/wp\/v2\/pages\/7240\/revisions\/9012"}],"wp:attachment":[{"href":"https:\/\/saleshouse.eu\/sk\/wp-json\/wp\/v2\/media?parent=7240"}],"curies":[{"name":"wp","href":"https:\/\/api.w.org\/{rel}","templated":true}]}}