{"id":7238,"date":"2022-09-25T10:31:22","date_gmt":"2022-09-25T10:31:22","guid":{"rendered":"https:\/\/saleshouse.eu\/kariera\/"},"modified":"2023-11-13T10:00:38","modified_gmt":"2023-11-13T10:00:38","slug":"kariera","status":"publish","type":"page","link":"https:\/\/saleshouse.eu\/sk\/kariera\/","title":{"rendered":"Kari\u00e9ra"},"content":{"rendered":"\t\t<div data-elementor-type=\"wp-page\" data-elementor-id=\"7238\" class=\"elementor elementor-7238 elementor-5723\" data-elementor-settings=\"[]\">\n\t\t\t\t\t\t<div class=\"elementor-inner\">\n\t\t\t\t\t\t\t<div class=\"elementor-section-wrap\">\n\t\t\t\t\t\t\t<section class=\"elementor-section elementor-top-section elementor-element elementor-element-a3afc5f elementor-section-full_width elementor-section-height-default elementor-section-height-default\" data-id=\"a3afc5f\" data-element_type=\"section\">\n\t\t\t\t\t\t<div class=\"elementor-container elementor-column-gap-default\">\n\t\t\t\t\t\t\t<div class=\"elementor-row\">\n\t\t\t\t\t<div class=\"elementor-column elementor-col-100 elementor-top-column elementor-element elementor-element-31a468c\" data-id=\"31a468c\" data-element_type=\"column\">\n\t\t\t<div class=\"elementor-column-wrap elementor-element-populated\">\n\t\t\t\t\t\t\t<div class=\"elementor-widget-wrap\">\n\t\t\t\t\t\t<section class=\"elementor-section elementor-inner-section elementor-element elementor-element-60f41c0 elementor-section-full_width elementor-section-height-default elementor-section-height-default\" data-id=\"60f41c0\" data-element_type=\"section\">\n\t\t\t\t\t\t<div class=\"elementor-container elementor-column-gap-wider\">\n\t\t\t\t\t\t\t<div class=\"elementor-row\">\n\t\t\t\t\t<div class=\"elementor-column elementor-col-100 elementor-inner-column elementor-element elementor-element-7444c3a\" data-id=\"7444c3a\" data-element_type=\"column\">\n\t\t\t<div class=\"elementor-column-wrap elementor-element-populated\">\n\t\t\t\t\t\t\t<div class=\"elementor-widget-wrap\">\n\t\t\t\t\t\t<div class=\"elementor-element elementor-element-716cfec elementor-widget elementor-widget-heading\" data-id=\"716cfec\" data-element_type=\"widget\" data-widget_type=\"heading.default\">\n\t\t\t\t<div class=\"elementor-widget-container\">\n\t\t\t<h2 class=\"elementor-heading-title elementor-size-default\">Obklopujeme sa \u013eu\u010fmi s v\u00e1\u0161\u0148ou pre to, \u010do rob\u00edme<\/h2>\t\t<\/div>\n\t\t\t\t<\/div>\n\t\t\t\t<div class=\"elementor-element elementor-element-9096021 elementor-widget elementor-widget-heading\" data-id=\"9096021\" data-element_type=\"widget\" data-widget_type=\"heading.default\">\n\t\t\t\t<div class=\"elementor-widget-container\">\n\t\t\t<h3 class=\"elementor-heading-title elementor-size-default\">Na\u0161a firemn\u00e1 kult\u00fara, rozvoj talentu a potenci\u00e1lu sa st\u00e1va na\u0161ou prirodzenou s\u00fa\u010das\u0165ou.<\/h3>\t\t<\/div>\n\t\t\t\t<\/div>\n\t\t\t\t<div class=\"elementor-element elementor-element-511aa71 elementor-widget__width-initial elementor-widget-mobile__width-inherit elementor-widget elementor-widget-text-editor\" data-id=\"511aa71\" data-element_type=\"widget\" data-widget_type=\"text-editor.default\">\n\t\t\t\t<div class=\"elementor-widget-container\">\n\t\t\t\t\t<div class=\"elementor-text-editor elementor-clearfix\"><span style=\"font-weight: 400;\">Na\u0161im \u013eu\u010fom pon\u00fakame priestor spolupracova\u0165 s lok\u00e1lnymi aj medzin\u00e1rodn\u00fdmi zna\u010dkami a ich produkty spozn\u00e1va\u0165 z prvej ruky.<\/span><\/div>\n\t\t\t\t<\/div>\n\t\t\t\t<\/div>\n\t\t\t\t\t\t<\/div>\n\t\t\t\t\t<\/div>\n\t\t<\/div>\n\t\t\t\t\t\t\t\t<\/div>\n\t\t\t\t\t<\/div>\n\t\t<\/section>\n\t\t\t\t<section class=\"elementor-section elementor-inner-section elementor-element elementor-element-2b114a5 elementor-section-boxed elementor-section-height-default elementor-section-height-default\" data-id=\"2b114a5\" data-element_type=\"section\">\n\t\t\t\t\t\t<div class=\"elementor-container elementor-column-gap-default\">\n\t\t\t\t\t\t\t<div class=\"elementor-row\">\n\t\t\t\t\t<div class=\"elementor-column elementor-col-100 elementor-inner-column elementor-element elementor-element-1fd0868\" data-id=\"1fd0868\" data-element_type=\"column\">\n\t\t\t<div class=\"elementor-column-wrap elementor-element-populated\">\n\t\t\t\t\t\t\t<div class=\"elementor-widget-wrap\">\n\t\t\t\t\t\t<div class=\"elementor-element elementor-element-e3721d2 elementor-align-center anchor-link elementor-widget elementor-widget-button\" data-id=\"e3721d2\" data-element_type=\"widget\" data-widget_type=\"button.default\">\n\t\t\t\t<div class=\"elementor-widget-container\">\n\t\t\t\t\t<div class=\"elementor-button-wrapper\">\n\t\t\t<a href=\"#pozice\" class=\"elementor-button-link elementor-button elementor-size-sm\" role=\"button\">\n\t\t\t\t\t\t<span class=\"elementor-button-content-wrapper\">\n\t\t\t\t\t\t<span class=\"elementor-button-text\">Koho teraz h\u013ead\u00e1me?<\/span>\n\t\t<\/span>\n\t\t\t\t\t<\/a>\n\t\t<\/div>\n\t\t\t\t<\/div>\n\t\t\t\t<\/div>\n\t\t\t\t\t\t<\/div>\n\t\t\t\t\t<\/div>\n\t\t<\/div>\n\t\t\t\t\t\t\t\t<\/div>\n\t\t\t\t\t<\/div>\n\t\t<\/section>\n\t\t\t\t\t\t<\/div>\n\t\t\t\t\t<\/div>\n\t\t<\/div>\n\t\t\t\t\t\t\t\t<\/div>\n\t\t\t\t\t<\/div>\n\t\t<\/section>\n\t\t\t\t<section class=\"elementor-section elementor-top-section elementor-element elementor-element-c230a91 elementor-section-boxed elementor-section-height-default elementor-section-height-default\" data-id=\"c230a91\" data-element_type=\"section\">\n\t\t\t\t\t\t<div class=\"elementor-container elementor-column-gap-default\">\n\t\t\t\t\t\t\t<div class=\"elementor-row\">\n\t\t\t\t\t<div class=\"elementor-column elementor-col-100 elementor-top-column elementor-element elementor-element-cb56678\" data-id=\"cb56678\" data-element_type=\"column\">\n\t\t\t<div class=\"elementor-column-wrap elementor-element-populated\">\n\t\t\t\t\t\t\t<div class=\"elementor-widget-wrap\">\n\t\t\t\t\t\t<div class=\"elementor-element elementor-element-636ed72 elementor-widget elementor-widget-menu-anchor\" data-id=\"636ed72\" data-element_type=\"widget\" data-widget_type=\"menu-anchor.default\">\n\t\t\t\t<div class=\"elementor-widget-container\">\n\t\t\t\t\t<div id=\"pozice\" class=\"elementor-menu-anchor\"><\/div>\n\t\t\t\t<\/div>\n\t\t\t\t<\/div>\n\t\t\t\t<section class=\"elementor-section elementor-inner-section elementor-element elementor-element-c6edeeb elementor-section-boxed elementor-section-height-default elementor-section-height-default\" data-id=\"c6edeeb\" data-element_type=\"section\">\n\t\t\t\t\t\t<div class=\"elementor-container elementor-column-gap-wider\">\n\t\t\t\t\t\t\t<div class=\"elementor-row\">\n\t\t\t\t\t<div class=\"elementor-column elementor-col-100 elementor-inner-column elementor-element elementor-element-d90d769\" data-id=\"d90d769\" data-element_type=\"column\">\n\t\t\t<div class=\"elementor-column-wrap elementor-element-populated\">\n\t\t\t\t\t\t\t<div class=\"elementor-widget-wrap\">\n\t\t\t\t\t\t<div class=\"elementor-element elementor-element-26d5567 elementor-widget elementor-widget-heading\" data-id=\"26d5567\" data-element_type=\"widget\" data-widget_type=\"heading.default\">\n\t\t\t\t<div class=\"elementor-widget-container\">\n\t\t\t<h2 class=\"elementor-heading-title elementor-size-default\">Vo\u013en\u00e9 poz\u00edcie<\/h2>\t\t<\/div>\n\t\t\t\t<\/div>\n\t\t\t\t<div class=\"elementor-element elementor-element-25e8174 elementor-widget elementor-widget-html\" data-id=\"25e8174\" data-element_type=\"widget\" data-widget_type=\"html.default\">\n\t\t\t\t<div class=\"elementor-widget-container\">\n\t\t\t<iframe src=\"https:\/\/app.recruitis.io\/zadavatel\/widgets\/offers\/h\/1081857ec44c9ca859b98b5422ed3fd941745e\" id=\"recruitis_widget_ol\" style=\"width: 100%\"><\/iframe>\n\n<script src='https:\/\/app.recruitis.io\/js\/widgets\/1.2.3\/widget_offerslists.min.js'><\/script>\t\t<\/div>\n\t\t\t\t<\/div>\n\t\t\t\t\t\t<\/div>\n\t\t\t\t\t<\/div>\n\t\t<\/div>\n\t\t\t\t\t\t\t\t<\/div>\n\t\t\t\t\t<\/div>\n\t\t<\/section>\n\t\t\t\t\t\t<\/div>\n\t\t\t\t\t<\/div>\n\t\t<\/div>\n\t\t\t\t\t\t\t\t<\/div>\n\t\t\t\t\t<\/div>\n\t\t<\/section>\n\t\t\t\t<section class=\"elementor-section elementor-top-section elementor-element elementor-element-abbbb2d elementor-section-boxed elementor-section-height-default elementor-section-height-default\" data-id=\"abbbb2d\" data-element_type=\"section\">\n\t\t\t\t\t\t<div class=\"elementor-container elementor-column-gap-default\">\n\t\t\t\t\t\t\t<div class=\"elementor-row\">\n\t\t\t\t\t<div class=\"elementor-column elementor-col-100 elementor-top-column elementor-element elementor-element-64d0633\" data-id=\"64d0633\" data-element_type=\"column\">\n\t\t\t<div class=\"elementor-column-wrap elementor-element-populated\">\n\t\t\t\t\t\t\t<div class=\"elementor-widget-wrap\">\n\t\t\t\t\t\t<div class=\"elementor-element elementor-element-1c6851a elementor-widget elementor-widget-image\" data-id=\"1c6851a\" data-element_type=\"widget\" data-widget_type=\"image.default\">\n\t\t\t\t<div class=\"elementor-widget-container\">\n\t\t\t\t\t<div class=\"elementor-image\">\n\t\t\t\t\t\t\t\t\t\t<img width=\"2800\" height=\"272\" src=\"https:\/\/saleshouse.eu\/wp-content\/uploads\/2023\/08\/E-Mail-Signature-V03-family-Elements-E-Sig-Supporting-Banner-4X-1.png\" class=\"attachment-full size-full\" alt=\"\" loading=\"lazy\" srcset=\"https:\/\/saleshouse.eu\/wp-content\/uploads\/2023\/08\/E-Mail-Signature-V03-family-Elements-E-Sig-Supporting-Banner-4X-1.png 2800w, https:\/\/saleshouse.eu\/wp-content\/uploads\/2023\/08\/E-Mail-Signature-V03-family-Elements-E-Sig-Supporting-Banner-4X-1-300x29.png 300w, https:\/\/saleshouse.eu\/wp-content\/uploads\/2023\/08\/E-Mail-Signature-V03-family-Elements-E-Sig-Supporting-Banner-4X-1-1024x99.png 1024w, https:\/\/saleshouse.eu\/wp-content\/uploads\/2023\/08\/E-Mail-Signature-V03-family-Elements-E-Sig-Supporting-Banner-4X-1-768x75.png 768w, https:\/\/saleshouse.eu\/wp-content\/uploads\/2023\/08\/E-Mail-Signature-V03-family-Elements-E-Sig-Supporting-Banner-4X-1-1536x149.png 1536w, https:\/\/saleshouse.eu\/wp-content\/uploads\/2023\/08\/E-Mail-Signature-V03-family-Elements-E-Sig-Supporting-Banner-4X-1-2048x199.png 2048w\" sizes=\"(max-width: 2800px) 100vw, 2800px\" \/>\t\t\t\t\t\t\t\t\t\t\t<\/div>\n\t\t\t\t<\/div>\n\t\t\t\t<\/div>\n\t\t\t\t\t\t<\/div>\n\t\t\t\t\t<\/div>\n\t\t<\/div>\n\t\t\t\t\t\t\t\t<\/div>\n\t\t\t\t\t<\/div>\n\t\t<\/section>\n\t\t\t\t\t\t<\/div>\n\t\t\t\t\t\t<\/div>\n\t\t\t\t\t<\/div>\n\t\t","protected":false},"excerpt":{"rendered":"<p>Obklopujeme sa \u013eu\u010fmi s v\u00e1\u0161\u0148ou pre to, \u010do rob\u00edme Na\u0161a firemn\u00e1 kult\u00fara, rozvoj talentu a potenci\u00e1lu sa st\u00e1va na\u0161ou prirodzenou s\u00fa\u010das\u0165ou. Na\u0161im \u013eu\u010fom pon\u00fakame priestor spolupracova\u0165 s lok\u00e1lnymi aj medzin\u00e1rodn\u00fdmi zna\u010dkami a ich produkty spozn\u00e1va\u0165 z prvej ruky. Koho teraz h\u013ead\u00e1me? Vo\u013en\u00e9 poz\u00edcie<\/p>\n","protected":false},"author":2,"featured_media":8498,"parent":0,"menu_order":0,"comment_status":"closed","ping_status":"closed","template":"","meta":[],"yoast_head":"<!-- This site is optimized with the Yoast SEO plugin v19.14 - https:\/\/yoast.com\/wordpress\/plugins\/seo\/ -->\n<title>Kari\u00e9ra - Sales House<\/title>\n<meta name=\"description\" content=\"Na\u0161a kult\u00fara je zalo\u017een\u00e1 na na\u0161ich \u013eu\u010foch. Pon\u00fakame im priestor spolupracova\u0165 s lok\u00e1lnymi aj medzin\u00e1rodn\u00fdmi zna\u010dkami a ich produkty spozn\u00e1va\u0165 z prvej ruky.\" \/>\n<meta name=\"robots\" content=\"index, follow, max-snippet:-1, max-image-preview:large, max-video-preview:-1\" \/>\n<link rel=\"canonical\" href=\"https:\/\/saleshouse.eu\/sk\/kariera\/\" \/>\n<meta property=\"og:locale\" content=\"sk_SK\" \/>\n<meta property=\"og:type\" content=\"article\" \/>\n<meta property=\"og:title\" content=\"Kari\u00e9ra - Sales House\" \/>\n<meta property=\"og:description\" content=\"Na\u0161a kult\u00fara je zalo\u017een\u00e1 na na\u0161ich \u013eu\u010foch. Pon\u00fakame im priestor spolupracova\u0165 s lok\u00e1lnymi aj medzin\u00e1rodn\u00fdmi zna\u010dkami a ich produkty spozn\u00e1va\u0165 z prvej ruky.\" \/>\n<meta property=\"og:url\" content=\"https:\/\/saleshouse.eu\/sk\/kariera\/\" \/>\n<meta property=\"og:site_name\" content=\"Sales House\" \/>\n<meta property=\"article:modified_time\" content=\"2023-11-13T10:00:38+00:00\" \/>\n<meta property=\"og:image\" content=\"https:\/\/saleshouse.eu\/wp-content\/uploads\/2024\/02\/ssss.png\" \/>\n\t<meta property=\"og:image:width\" content=\"1200\" \/>\n\t<meta property=\"og:image:height\" content=\"630\" \/>\n\t<meta property=\"og:image:type\" content=\"image\/png\" \/>\n<meta name=\"twitter:card\" content=\"summary_large_image\" \/>\n<meta name=\"twitter:label1\" content=\"Est. reading time\" \/>\n\t<meta name=\"twitter:data1\" content=\"1 minute\" \/>\n<script type=\"application\/ld+json\" class=\"yoast-schema-graph\">{\"@context\":\"https:\/\/schema.org\",\"@graph\":[{\"@type\":\"WebPage\",\"@id\":\"https:\/\/saleshouse.eu\/sk\/kariera\/\",\"url\":\"https:\/\/saleshouse.eu\/sk\/kariera\/\",\"name\":\"Kari\u00e9ra - Sales House\",\"isPartOf\":{\"@id\":\"https:\/\/saleshouse.eu\/#website\"},\"datePublished\":\"2022-09-25T10:31:22+00:00\",\"dateModified\":\"2023-11-13T10:00:38+00:00\",\"description\":\"Na\u0161a kult\u00fara je zalo\u017een\u00e1 na na\u0161ich \u013eu\u010foch. Pon\u00fakame im priestor spolupracova\u0165 s lok\u00e1lnymi aj medzin\u00e1rodn\u00fdmi zna\u010dkami a ich produkty spozn\u00e1va\u0165 z prvej ruky.\",\"breadcrumb\":{\"@id\":\"https:\/\/saleshouse.eu\/sk\/kariera\/#breadcrumb\"},\"inLanguage\":\"sk-SK\",\"potentialAction\":[{\"@type\":\"ReadAction\",\"target\":[\"https:\/\/saleshouse.eu\/sk\/kariera\/\"]}]},{\"@type\":\"BreadcrumbList\",\"@id\":\"https:\/\/saleshouse.eu\/sk\/kariera\/#breadcrumb\",\"itemListElement\":[{\"@type\":\"ListItem\",\"position\":1,\"name\":\"Home\",\"item\":\"https:\/\/saleshouse.eu\/sk\/\"},{\"@type\":\"ListItem\",\"position\":2,\"name\":\"Kari\u00e9ra\"}]},{\"@type\":\"WebSite\",\"@id\":\"https:\/\/saleshouse.eu\/#website\",\"url\":\"https:\/\/saleshouse.eu\/\",\"name\":\"Sales House\",\"description\":\"Pom\u00e1h\u00e1me zna\u010dk\u00e1m prod\u00e1vat v\u0161ude, kde lid\u00e9 nakupuj\u00ed.\",\"publisher\":{\"@id\":\"https:\/\/saleshouse.eu\/#organization\"},\"potentialAction\":[{\"@type\":\"SearchAction\",\"target\":{\"@type\":\"EntryPoint\",\"urlTemplate\":\"https:\/\/saleshouse.eu\/?s={search_term_string}\"},\"query-input\":\"required name=search_term_string\"}],\"inLanguage\":\"sk-SK\"},{\"@type\":\"Organization\",\"@id\":\"https:\/\/saleshouse.eu\/#organization\",\"name\":\"Sales House\",\"url\":\"https:\/\/saleshouse.eu\/\",\"logo\":{\"@type\":\"ImageObject\",\"inLanguage\":\"sk-SK\",\"@id\":\"https:\/\/saleshouse.eu\/#\/schema\/logo\/image\/\",\"url\":\"https:\/\/saleshouse.eu\/wp-content\/uploads\/2022\/10\/Sales-House-logo_bez-stinu.png\",\"contentUrl\":\"https:\/\/saleshouse.eu\/wp-content\/uploads\/2022\/10\/Sales-House-logo_bez-stinu.png\",\"width\":1417,\"height\":975,\"caption\":\"Sales House\"},\"image\":{\"@id\":\"https:\/\/saleshouse.eu\/#\/schema\/logo\/image\/\"}}]}<\/script>\n<!-- \/ Yoast SEO plugin. -->","yoast_head_json":{"title":"Kari\u00e9ra - Sales House","description":"Na\u0161a kult\u00fara je zalo\u017een\u00e1 na na\u0161ich \u013eu\u010foch. Pon\u00fakame im priestor spolupracova\u0165 s lok\u00e1lnymi aj medzin\u00e1rodn\u00fdmi zna\u010dkami a ich produkty spozn\u00e1va\u0165 z prvej ruky.","robots":{"index":"index","follow":"follow","max-snippet":"max-snippet:-1","max-image-preview":"max-image-preview:large","max-video-preview":"max-video-preview:-1"},"canonical":"https:\/\/saleshouse.eu\/sk\/kariera\/","og_locale":"sk_SK","og_type":"article","og_title":"Kari\u00e9ra - Sales House","og_description":"Na\u0161a kult\u00fara je zalo\u017een\u00e1 na na\u0161ich \u013eu\u010foch. Pon\u00fakame im priestor spolupracova\u0165 s lok\u00e1lnymi aj medzin\u00e1rodn\u00fdmi zna\u010dkami a ich produkty spozn\u00e1va\u0165 z prvej ruky.","og_url":"https:\/\/saleshouse.eu\/sk\/kariera\/","og_site_name":"Sales House","article_modified_time":"2023-11-13T10:00:38+00:00","og_image":[{"width":1200,"height":630,"url":"https:\/\/saleshouse.eu\/wp-content\/uploads\/2024\/02\/ssss.png","type":"image\/png"}],"twitter_card":"summary_large_image","twitter_misc":{"Est. reading time":"1 minute"},"schema":{"@context":"https:\/\/schema.org","@graph":[{"@type":"WebPage","@id":"https:\/\/saleshouse.eu\/sk\/kariera\/","url":"https:\/\/saleshouse.eu\/sk\/kariera\/","name":"Kari\u00e9ra - Sales House","isPartOf":{"@id":"https:\/\/saleshouse.eu\/#website"},"datePublished":"2022-09-25T10:31:22+00:00","dateModified":"2023-11-13T10:00:38+00:00","description":"Na\u0161a kult\u00fara je zalo\u017een\u00e1 na na\u0161ich \u013eu\u010foch. Pon\u00fakame im priestor spolupracova\u0165 s lok\u00e1lnymi aj medzin\u00e1rodn\u00fdmi zna\u010dkami a ich produkty spozn\u00e1va\u0165 z prvej ruky.","breadcrumb":{"@id":"https:\/\/saleshouse.eu\/sk\/kariera\/#breadcrumb"},"inLanguage":"sk-SK","potentialAction":[{"@type":"ReadAction","target":["https:\/\/saleshouse.eu\/sk\/kariera\/"]}]},{"@type":"BreadcrumbList","@id":"https:\/\/saleshouse.eu\/sk\/kariera\/#breadcrumb","itemListElement":[{"@type":"ListItem","position":1,"name":"Home","item":"https:\/\/saleshouse.eu\/sk\/"},{"@type":"ListItem","position":2,"name":"Kari\u00e9ra"}]},{"@type":"WebSite","@id":"https:\/\/saleshouse.eu\/#website","url":"https:\/\/saleshouse.eu\/","name":"Sales House","description":"Pom\u00e1h\u00e1me zna\u010dk\u00e1m prod\u00e1vat v\u0161ude, kde lid\u00e9 nakupuj\u00ed.","publisher":{"@id":"https:\/\/saleshouse.eu\/#organization"},"potentialAction":[{"@type":"SearchAction","target":{"@type":"EntryPoint","urlTemplate":"https:\/\/saleshouse.eu\/?s={search_term_string}"},"query-input":"required name=search_term_string"}],"inLanguage":"sk-SK"},{"@type":"Organization","@id":"https:\/\/saleshouse.eu\/#organization","name":"Sales House","url":"https:\/\/saleshouse.eu\/","logo":{"@type":"ImageObject","inLanguage":"sk-SK","@id":"https:\/\/saleshouse.eu\/#\/schema\/logo\/image\/","url":"https:\/\/saleshouse.eu\/wp-content\/uploads\/2022\/10\/Sales-House-logo_bez-stinu.png","contentUrl":"https:\/\/saleshouse.eu\/wp-content\/uploads\/2022\/10\/Sales-House-logo_bez-stinu.png","width":1417,"height":975,"caption":"Sales House"},"image":{"@id":"https:\/\/saleshouse.eu\/#\/schema\/logo\/image\/"}}]}},"_links":{"self":[{"href":"https:\/\/saleshouse.eu\/sk\/wp-json\/wp\/v2\/pages\/7238"}],"collection":[{"href":"https:\/\/saleshouse.eu\/sk\/wp-json\/wp\/v2\/pages"}],"about":[{"href":"https:\/\/saleshouse.eu\/sk\/wp-json\/wp\/v2\/types\/page"}],"author":[{"embeddable":true,"href":"https:\/\/saleshouse.eu\/sk\/wp-json\/wp\/v2\/users\/2"}],"replies":[{"embeddable":true,"href":"https:\/\/saleshouse.eu\/sk\/wp-json\/wp\/v2\/comments?post=7238"}],"version-history":[{"count":45,"href":"https:\/\/saleshouse.eu\/sk\/wp-json\/wp\/v2\/pages\/7238\/revisions"}],"predecessor-version":[{"id":8412,"href":"https:\/\/saleshouse.eu\/sk\/wp-json\/wp\/v2\/pages\/7238\/revisions\/8412"}],"wp:featuredmedia":[{"embeddable":true,"href":"https:\/\/saleshouse.eu\/sk\/wp-json\/wp\/v2\/media\/8498"}],"wp:attachment":[{"href":"https:\/\/saleshouse.eu\/sk\/wp-json\/wp\/v2\/media?parent=7238"}],"curies":[{"name":"wp","href":"https:\/\/api.w.org\/{rel}","templated":true}]}}