{"id":7050,"date":"2022-12-04T13:20:58","date_gmt":"2022-12-04T13:20:58","guid":{"rendered":"https:\/\/saleshouse.eu\/gdpr\/"},"modified":"2023-03-02T12:17:59","modified_gmt":"2023-03-02T12:17:59","slug":"gdpr","status":"publish","type":"page","link":"https:\/\/saleshouse.eu\/sk\/gdpr\/","title":{"rendered":"GDPR"},"content":{"rendered":"\t\t<div data-elementor-type=\"wp-page\" data-elementor-id=\"7050\" class=\"elementor elementor-7050 elementor-7036\" data-elementor-settings=\"[]\">\n\t\t\t\t\t\t<div class=\"elementor-inner\">\n\t\t\t\t\t\t\t<div class=\"elementor-section-wrap\">\n\t\t\t\t\t\t\t<section class=\"elementor-section elementor-top-section elementor-element elementor-element-858a235 elementor-section-boxed elementor-section-height-default elementor-section-height-default\" data-id=\"858a235\" data-element_type=\"section\">\n\t\t\t\t\t\t<div class=\"elementor-container elementor-column-gap-default\">\n\t\t\t\t\t\t\t<div class=\"elementor-row\">\n\t\t\t\t\t<div class=\"elementor-column elementor-col-100 elementor-top-column elementor-element elementor-element-667bc11\" data-id=\"667bc11\" data-element_type=\"column\">\n\t\t\t<div class=\"elementor-column-wrap elementor-element-populated\">\n\t\t\t\t\t\t\t<div class=\"elementor-widget-wrap\">\n\t\t\t\t\t\t<div class=\"elementor-element elementor-element-c8e6b05 elementor-widget elementor-widget-heading\" data-id=\"c8e6b05\" data-element_type=\"widget\" data-widget_type=\"heading.default\">\n\t\t\t\t<div class=\"elementor-widget-container\">\n\t\t\t<h2 class=\"elementor-heading-title elementor-size-default\">INFORM\u00c1CIE O SPRACOVAN\u00cd OSOBN\u00ddCH \u00daDAJOV\n<BR>\n<BR>\nPOU\u010cENIE O PR\u00c1VACH V S\u00daVISLOSTI S OCHRANOU OSOBN\u00ddCH \u00daDAJOV\n<\/h2>\t\t<\/div>\n\t\t\t\t<\/div>\n\t\t\t\t<div class=\"elementor-element elementor-element-cd4fade elementor-widget elementor-widget-text-editor\" data-id=\"cd4fade\" data-element_type=\"widget\" data-widget_type=\"text-editor.default\">\n\t\t\t\t<div class=\"elementor-widget-container\">\n\t\t\t\t\t<div class=\"elementor-text-editor elementor-clearfix\"><p><span style=\"font-weight: 400;\">Vzh\u013eadom na to, \u017ee ste vyplnil\/a kontaktn\u00fd formul\u00e1r na webov\u00fdch str\u00e1nkach na\u0161ej spolo\u010dnosti <\/span><b>Sales House SK s.r.o.<\/b><span style=\"font-weight: 400;\"> I\u010cO 44\u00a0918 828, so s\u00eddlom Desiata 11, 831 01 Bratislava, SR, o\u010dak\u00e1vate od spolo\u010dnosti Sales House SK s.r.o. odpove\u010f na Va\u0161u ot\u00e1zku \u010di po\u017eiadavku. Za t\u00fdmto \u00fa\u010delom spracov\u00e1va Va\u0161e osobn\u00e9 \u00fadaje na\u0161a spolo\u010dnos\u0165 Sales House SK s.r.o., I\u010cO 44\u00a0918 828, so s\u00eddlom Desiata 11, 831 01 Bratislava, SR, ktor\u00e1 je spr\u00e1vcom osobn\u00fdch \u00fadajov (\u010falej len \u201espr\u00e1vca\u201c).<\/span><\/p><p><span style=\"font-weight: 400;\">Ak\u00e9ko\u013evek nakladanie s osobn\u00fdmi \u00fadajmi sa riadi platn\u00fdmi pr\u00e1vnymi predpismi, najm\u00e4 z\u00e1konom o spracovan\u00ed osobn\u00fdch \u00fadajov \u010d. 18\/2018 Z.z. a nariaden\u00edm Eur\u00f3pskeho parlamentu a Rady \u010d. 2016\/679 z 27. 4. 2016 o ochrane fyzick\u00fdch os\u00f4b v s\u00favislosti so spracovan\u00edm osobn\u00fdch \u00fadajov a o vo\u013enom pohybe t\u00fdchto \u00fadajov a o zru\u0161en\u00ed smernice 95\/46\/ES (\u010falej len<\/span><b> \u201ev\u0161eobecn\u00e9 nariadenie o ochrane osobn\u00fdch \u00fadajov\u201c<\/b><span style=\"font-weight: 400;\">).<\/span><\/p><p><span style=\"font-weight: 400;\">Ni\u017e\u0161ie V\u00e1m teda v s\u00falade s ustanoven\u00edm \u010dl. 13 a nasl. v\u0161eobecn\u00e9ho nariadenia o ochrane osobn\u00fdch \u00fadajov poskytujeme inform\u00e1cie o spracovan\u00ed Va\u0161ich osobn\u00fdch \u00fadajov a o pr\u00e1vach s\u00favisiacich so spracov\u00e1van\u00edm Va\u0161ich osobn\u00fdch \u00fadajov.<\/span><\/p><p><span style=\"font-weight: 400;\">Va\u0161e osobn\u00e9 \u00fadaje spracov\u00e1vame, preto\u017ee spracovanie je nevyhnutn\u00e9 preto, aby sme V\u00e1m mohli odpoveda\u0165 na Vami zaslan\u00fa ot\u00e1zku \u010di po\u017eiadavku uveden\u00fa vo Vami vyplnenom kontaktnom formul\u00e1ri na na\u0161ich webov\u00fdch str\u00e1nkach www.saleshouse.eu.<\/span><\/p><p><span style=\"font-weight: 400;\">Informujeme V\u00e1s, \u017ee Va\u0161e osobn\u00e9 \u00fadaje s\u00fa spracov\u00e1van\u00e9 v rozsahu: meno, priezvisko, e-mail. Osobn\u00e9 \u00fadaje bud\u00fa spracov\u00e1van\u00e9 do doby k\u00fdm bude na Va\u0161u ot\u00e1zku \u010di po\u017eiadavku zodpovedan\u00e9 \u010di zareagovan\u00e9 k Va\u0161ej fin\u00e1lnej spokojnosti.<\/span><\/p><p><span style=\"font-weight: 400;\">Spr\u00e1vca osobn\u00fdch \u00fadajov v r\u00e1mci svojej \u010dinnosti sprac\u00fava a uchov\u00e1va za podmienok a v medziach stanoven\u00fdch platnou pr\u00e1vnou \u00fapravou, najm\u00e4 v s\u00falade s ustanoven\u00edm \u010dl\u00e1nku 6 ods. 1 p\u00edsm. f) v\u0161eobecn\u00e9ho nariadenia o ochrane osobn\u00fdch \u00fadajov, Va\u0161e osobn\u00e9 \u00fadaje za \u00fa\u010delom zaslania reakcie na Va\u0161u po\u017eiadavku \u010di ot\u00e1zku.<\/span><\/p><p><span style=\"font-weight: 400;\">Va\u0161e osobn\u00e9 \u00fadaje s\u00fa spracov\u00e1van\u00e9 automatizovane v elektronickej forme.<\/span><\/p><p><span style=\"font-weight: 400;\">M\u00e1te pr\u00e1vo po\u017eiada\u0165 spr\u00e1vcu o poskytnutie inform\u00e1cie o spracovan\u00ed Va\u0161ich osobn\u00fdch \u00fadajov.<\/span><\/p><p><span style=\"font-weight: 400;\">M\u00e1te pr\u00e1vo, aby spr\u00e1vca bez zbyto\u010dn\u00e9ho odkladu opravil nepresn\u00e9 osobn\u00e9 \u00fadaje, ktor\u00e9 sa V\u00e1s t\u00fdkaj\u00fa. S prihliadnut\u00edm na \u00fa\u010dely spracovania m\u00e1te pr\u00e1vo na doplnenie ne\u00fapln\u00fdch osobn\u00fdch \u00fadajov, a to aj poskytnut\u00edm dodato\u010dn\u00e9ho vyhl\u00e1senia.<\/span><\/p><p><span style=\"font-weight: 400;\">M\u00e1te pr\u00e1vo, aby spr\u00e1vca bez zbyto\u010dn\u00e9ho odkladu vymazal osobn\u00e9 \u00fadaje, ktor\u00e9 sa V\u00e1s t\u00fdkaj\u00fa, a spr\u00e1vca m\u00e1 povinnos\u0165 osobn\u00e9 \u00fadaje bez zbyto\u010dn\u00e9ho odkladu vymaza\u0165, pokia\u013e je dan\u00fd niektor\u00fd z d\u00f4vodov stanoven\u00fdch v\u0161eobecn\u00fdm nariaden\u00edm o ochrane osobn\u00fdch \u00fadajov.<\/span><\/p><p><span style=\"font-weight: 400;\">M\u00e1te pr\u00e1vo, aby spr\u00e1vca obmedzil spracovanie osobn\u00fdch \u00fadajov, v pr\u00edpadoch stanoven\u00fdch v\u0161eobecn\u00fdm nariaden\u00edm o ochrane osobn\u00fdch \u00fadajov.<\/span><\/p><p><span style=\"font-weight: 400;\">M\u00e1te pr\u00e1vo z\u00edska\u0165 osobn\u00e9 \u00fadaje, ktor\u00e9 sa V\u00e1s t\u00fdkaj\u00fa, ktor\u00e9 ste poskytli spr\u00e1vcovi, v \u0161trukt\u00farovanom, be\u017ene pou\u017e\u00edvanom a strojovo \u010ditate\u013enom form\u00e1te, a pr\u00e1vo preda\u0165 tieto \u00fadaje in\u00e9mu spr\u00e1vcovi bez toho, aby tomu spr\u00e1vca br\u00e1nil, a to v pr\u00edpadoch stanoven\u00fdch v\u0161eobecn\u00fdm nariaden\u00edm o ochrane osobn\u00fdch \u00fadajov.<\/span><\/p><p><span style=\"font-weight: 400;\">Ak sa domnievate, \u017ee do\u0161lo k poru\u0161eniu pr\u00e1vnych predpisov v s\u00favislosti s ochranou Va\u0161ich osobn\u00fdch \u00fadajov, m\u00e1te pr\u00e1vo poda\u0165 s\u0165a\u017enos\u0165 na niektorom dozornom \u00farade. Dozorn\u00fdm \u00faradom je v Slovenskej republike \u00darad pre ochranu osobn\u00fdch \u00fadajov.<\/span><\/p><\/div>\n\t\t\t\t<\/div>\n\t\t\t\t<\/div>\n\t\t\t\t\t\t<\/div>\n\t\t\t\t\t<\/div>\n\t\t<\/div>\n\t\t\t\t\t\t\t\t<\/div>\n\t\t\t\t\t<\/div>\n\t\t<\/section>\n\t\t\t\t\t\t<\/div>\n\t\t\t\t\t\t<\/div>\n\t\t\t\t\t<\/div>\n\t\t","protected":false},"excerpt":{"rendered":"<p>INFORM\u00c1CIE O SPRACOVAN\u00cd OSOBN\u00ddCH \u00daDAJOV POU\u010cENIE O PR\u00c1VACH V S\u00daVISLOSTI S OCHRANOU OSOBN\u00ddCH \u00daDAJOV Vzh\u013eadom na to, \u017ee ste vyplnil\/a kontaktn\u00fd formul\u00e1r na webov\u00fdch str\u00e1nkach na\u0161ej spolo\u010dnosti Sales House SK s.r.o. I\u010cO 44&nbsp;918 828, so s\u00eddlom Desiata 11, 831 01 Bratislava, SR, o\u010dak\u00e1vate od spolo\u010dnosti Sales House SK s.r.o. odpove\u010f na Va\u0161u ot\u00e1zku \u010di po\u017eiadavku.&hellip;<\/p>\n","protected":false},"author":1,"featured_media":0,"parent":0,"menu_order":0,"comment_status":"closed","ping_status":"closed","template":"","meta":[],"yoast_head":"<!-- This site is optimized with the Yoast SEO plugin v19.14 - https:\/\/yoast.com\/wordpress\/plugins\/seo\/ -->\n<title>GDPR - Sales House<\/title>\n<meta name=\"description\" content=\"Inform\u00e1cie o spracovan\u00ed osobn\u00fdch \u00fadajov, pou\u010denie o pr\u00e1vach v s\u00favislosti s ochranou osobn\u00fdch \u00fadajov.\" \/>\n<meta name=\"robots\" content=\"index, follow, max-snippet:-1, max-image-preview:large, max-video-preview:-1\" \/>\n<link rel=\"canonical\" href=\"https:\/\/saleshouse.eu\/sk\/gdpr\/\" \/>\n<meta property=\"og:locale\" content=\"sk_SK\" \/>\n<meta property=\"og:type\" content=\"article\" \/>\n<meta property=\"og:title\" content=\"GDPR - Sales House\" \/>\n<meta property=\"og:description\" content=\"Inform\u00e1cie o spracovan\u00ed osobn\u00fdch \u00fadajov, pou\u010denie o pr\u00e1vach v s\u00favislosti s ochranou osobn\u00fdch \u00fadajov.\" \/>\n<meta property=\"og:url\" content=\"https:\/\/saleshouse.eu\/sk\/gdpr\/\" \/>\n<meta property=\"og:site_name\" content=\"Sales House\" \/>\n<meta property=\"article:modified_time\" content=\"2023-03-02T12:17:59+00:00\" \/>\n<meta name=\"twitter:card\" content=\"summary_large_image\" \/>\n<meta name=\"twitter:label1\" content=\"Est. reading time\" \/>\n\t<meta name=\"twitter:data1\" content=\"3 minutes\" \/>\n<script type=\"application\/ld+json\" class=\"yoast-schema-graph\">{\"@context\":\"https:\/\/schema.org\",\"@graph\":[{\"@type\":\"WebPage\",\"@id\":\"https:\/\/saleshouse.eu\/sk\/gdpr\/\",\"url\":\"https:\/\/saleshouse.eu\/sk\/gdpr\/\",\"name\":\"GDPR - Sales House\",\"isPartOf\":{\"@id\":\"https:\/\/saleshouse.eu\/#website\"},\"datePublished\":\"2022-12-04T13:20:58+00:00\",\"dateModified\":\"2023-03-02T12:17:59+00:00\",\"description\":\"Inform\u00e1cie o spracovan\u00ed osobn\u00fdch \u00fadajov, pou\u010denie o pr\u00e1vach v s\u00favislosti s ochranou osobn\u00fdch \u00fadajov.\",\"breadcrumb\":{\"@id\":\"https:\/\/saleshouse.eu\/sk\/gdpr\/#breadcrumb\"},\"inLanguage\":\"sk-SK\",\"potentialAction\":[{\"@type\":\"ReadAction\",\"target\":[\"https:\/\/saleshouse.eu\/sk\/gdpr\/\"]}]},{\"@type\":\"BreadcrumbList\",\"@id\":\"https:\/\/saleshouse.eu\/sk\/gdpr\/#breadcrumb\",\"itemListElement\":[{\"@type\":\"ListItem\",\"position\":1,\"name\":\"Home\",\"item\":\"https:\/\/saleshouse.eu\/sk\/\"},{\"@type\":\"ListItem\",\"position\":2,\"name\":\"GDPR\"}]},{\"@type\":\"WebSite\",\"@id\":\"https:\/\/saleshouse.eu\/#website\",\"url\":\"https:\/\/saleshouse.eu\/\",\"name\":\"Sales House\",\"description\":\"Pom\u00e1h\u00e1me zna\u010dk\u00e1m prod\u00e1vat v\u0161ude, kde lid\u00e9 nakupuj\u00ed.\",\"publisher\":{\"@id\":\"https:\/\/saleshouse.eu\/#organization\"},\"potentialAction\":[{\"@type\":\"SearchAction\",\"target\":{\"@type\":\"EntryPoint\",\"urlTemplate\":\"https:\/\/saleshouse.eu\/?s={search_term_string}\"},\"query-input\":\"required name=search_term_string\"}],\"inLanguage\":\"sk-SK\"},{\"@type\":\"Organization\",\"@id\":\"https:\/\/saleshouse.eu\/#organization\",\"name\":\"Sales House\",\"url\":\"https:\/\/saleshouse.eu\/\",\"logo\":{\"@type\":\"ImageObject\",\"inLanguage\":\"sk-SK\",\"@id\":\"https:\/\/saleshouse.eu\/#\/schema\/logo\/image\/\",\"url\":\"https:\/\/saleshouse.eu\/wp-content\/uploads\/2022\/10\/Sales-House-logo_bez-stinu.png\",\"contentUrl\":\"https:\/\/saleshouse.eu\/wp-content\/uploads\/2022\/10\/Sales-House-logo_bez-stinu.png\",\"width\":1417,\"height\":975,\"caption\":\"Sales House\"},\"image\":{\"@id\":\"https:\/\/saleshouse.eu\/#\/schema\/logo\/image\/\"}}]}<\/script>\n<!-- \/ Yoast SEO plugin. -->","yoast_head_json":{"title":"GDPR - Sales House","description":"Inform\u00e1cie o spracovan\u00ed osobn\u00fdch \u00fadajov, pou\u010denie o pr\u00e1vach v s\u00favislosti s ochranou osobn\u00fdch \u00fadajov.","robots":{"index":"index","follow":"follow","max-snippet":"max-snippet:-1","max-image-preview":"max-image-preview:large","max-video-preview":"max-video-preview:-1"},"canonical":"https:\/\/saleshouse.eu\/sk\/gdpr\/","og_locale":"sk_SK","og_type":"article","og_title":"GDPR - Sales House","og_description":"Inform\u00e1cie o spracovan\u00ed osobn\u00fdch \u00fadajov, pou\u010denie o pr\u00e1vach v s\u00favislosti s ochranou osobn\u00fdch \u00fadajov.","og_url":"https:\/\/saleshouse.eu\/sk\/gdpr\/","og_site_name":"Sales House","article_modified_time":"2023-03-02T12:17:59+00:00","twitter_card":"summary_large_image","twitter_misc":{"Est. reading time":"3 minutes"},"schema":{"@context":"https:\/\/schema.org","@graph":[{"@type":"WebPage","@id":"https:\/\/saleshouse.eu\/sk\/gdpr\/","url":"https:\/\/saleshouse.eu\/sk\/gdpr\/","name":"GDPR - Sales House","isPartOf":{"@id":"https:\/\/saleshouse.eu\/#website"},"datePublished":"2022-12-04T13:20:58+00:00","dateModified":"2023-03-02T12:17:59+00:00","description":"Inform\u00e1cie o spracovan\u00ed osobn\u00fdch \u00fadajov, pou\u010denie o pr\u00e1vach v s\u00favislosti s ochranou osobn\u00fdch \u00fadajov.","breadcrumb":{"@id":"https:\/\/saleshouse.eu\/sk\/gdpr\/#breadcrumb"},"inLanguage":"sk-SK","potentialAction":[{"@type":"ReadAction","target":["https:\/\/saleshouse.eu\/sk\/gdpr\/"]}]},{"@type":"BreadcrumbList","@id":"https:\/\/saleshouse.eu\/sk\/gdpr\/#breadcrumb","itemListElement":[{"@type":"ListItem","position":1,"name":"Home","item":"https:\/\/saleshouse.eu\/sk\/"},{"@type":"ListItem","position":2,"name":"GDPR"}]},{"@type":"WebSite","@id":"https:\/\/saleshouse.eu\/#website","url":"https:\/\/saleshouse.eu\/","name":"Sales House","description":"Pom\u00e1h\u00e1me zna\u010dk\u00e1m prod\u00e1vat v\u0161ude, kde lid\u00e9 nakupuj\u00ed.","publisher":{"@id":"https:\/\/saleshouse.eu\/#organization"},"potentialAction":[{"@type":"SearchAction","target":{"@type":"EntryPoint","urlTemplate":"https:\/\/saleshouse.eu\/?s={search_term_string}"},"query-input":"required name=search_term_string"}],"inLanguage":"sk-SK"},{"@type":"Organization","@id":"https:\/\/saleshouse.eu\/#organization","name":"Sales House","url":"https:\/\/saleshouse.eu\/","logo":{"@type":"ImageObject","inLanguage":"sk-SK","@id":"https:\/\/saleshouse.eu\/#\/schema\/logo\/image\/","url":"https:\/\/saleshouse.eu\/wp-content\/uploads\/2022\/10\/Sales-House-logo_bez-stinu.png","contentUrl":"https:\/\/saleshouse.eu\/wp-content\/uploads\/2022\/10\/Sales-House-logo_bez-stinu.png","width":1417,"height":975,"caption":"Sales House"},"image":{"@id":"https:\/\/saleshouse.eu\/#\/schema\/logo\/image\/"}}]}},"_links":{"self":[{"href":"https:\/\/saleshouse.eu\/sk\/wp-json\/wp\/v2\/pages\/7050"}],"collection":[{"href":"https:\/\/saleshouse.eu\/sk\/wp-json\/wp\/v2\/pages"}],"about":[{"href":"https:\/\/saleshouse.eu\/sk\/wp-json\/wp\/v2\/types\/page"}],"author":[{"embeddable":true,"href":"https:\/\/saleshouse.eu\/sk\/wp-json\/wp\/v2\/users\/1"}],"replies":[{"embeddable":true,"href":"https:\/\/saleshouse.eu\/sk\/wp-json\/wp\/v2\/comments?post=7050"}],"version-history":[{"count":7,"href":"https:\/\/saleshouse.eu\/sk\/wp-json\/wp\/v2\/pages\/7050\/revisions"}],"predecessor-version":[{"id":7620,"href":"https:\/\/saleshouse.eu\/sk\/wp-json\/wp\/v2\/pages\/7050\/revisions\/7620"}],"wp:attachment":[{"href":"https:\/\/saleshouse.eu\/sk\/wp-json\/wp\/v2\/media?parent=7050"}],"curies":[{"name":"wp","href":"https:\/\/api.w.org\/{rel}","templated":true}]}}