{"id":7269,"date":"2022-12-04T13:20:58","date_gmt":"2022-12-04T13:20:58","guid":{"rendered":"https:\/\/saleshouse.eu\/gdpr\/"},"modified":"2023-03-02T12:12:28","modified_gmt":"2023-03-02T12:12:28","slug":"gdpr","status":"publish","type":"page","link":"https:\/\/saleshouse.eu\/en\/gdpr\/","title":{"rendered":"GDPR"},"content":{"rendered":"\t\t<div data-elementor-type=\"wp-page\" data-elementor-id=\"7269\" class=\"elementor elementor-7269 elementor-7036\" data-elementor-settings=\"[]\">\n\t\t\t\t\t\t<div class=\"elementor-inner\">\n\t\t\t\t\t\t\t<div class=\"elementor-section-wrap\">\n\t\t\t\t\t\t\t<section class=\"elementor-section elementor-top-section elementor-element elementor-element-858a235 elementor-section-boxed elementor-section-height-default elementor-section-height-default\" data-id=\"858a235\" data-element_type=\"section\">\n\t\t\t\t\t\t<div class=\"elementor-container elementor-column-gap-default\">\n\t\t\t\t\t\t\t<div class=\"elementor-row\">\n\t\t\t\t\t<div class=\"elementor-column elementor-col-100 elementor-top-column elementor-element elementor-element-667bc11\" data-id=\"667bc11\" data-element_type=\"column\">\n\t\t\t<div class=\"elementor-column-wrap elementor-element-populated\">\n\t\t\t\t\t\t\t<div class=\"elementor-widget-wrap\">\n\t\t\t\t\t\t<div class=\"elementor-element elementor-element-c8e6b05 elementor-widget elementor-widget-heading\" data-id=\"c8e6b05\" data-element_type=\"widget\" data-widget_type=\"heading.default\">\n\t\t\t\t<div class=\"elementor-widget-container\">\n\t\t\t<h2 class=\"elementor-heading-title elementor-size-default\">INFORMATION ON THE PROCESSING OF PERSONAL DATA<\/h2>\t\t<\/div>\n\t\t\t\t<\/div>\n\t\t\t\t<div class=\"elementor-element elementor-element-cd4fade elementor-widget elementor-widget-text-editor\" data-id=\"cd4fade\" data-element_type=\"widget\" data-widget_type=\"text-editor.default\">\n\t\t\t\t<div class=\"elementor-widget-container\">\n\t\t\t\t\t<div class=\"elementor-text-editor elementor-clearfix\"><p style=\"text-align: center;\"><strong>INFORMATION ON RIGHTS IN RELATION TO THE PROTECTION OF PERSONAL DATA<\/strong><\/p><p><span style=\"font-weight: 400;\">Since you have filled in the contact form on the website of our company <\/span><b>Sales House s. r. o. <\/b><span style=\"font-weight: 400;\">\u00a0VAT No. 28973127, with registered office at Vinohradsk\u00e1 2828\/151, 130 00\u00a0 Prague 3, you expect Sales House s. r. o. to respond to your question or request. For this purpose, your personal data is processed by our company Sales House s. r. o VAT No. 28973127, with registered office at Vinohradsk\u00e1 2828\/151, 130 00\u00a0 Prague 3, which is the data controller (hereinafter referred to as the &#8220;<\/span><b><i>Controller<\/i><\/b><span style=\"font-weight: 400;\">&#8220;).\u00a0<\/span><\/p><p><span style=\"font-weight: 400;\">Any handling of personal data is governed by applicable legislation, in particular Act No. 110\/2019 Coll. on the processing of personal data and Regulation No. 2016\/679 of the European Parliament and of the Council of 27 April 2016 on the protection of individuals with regard to the processing of personal data and on the free movement of such data, and repealing Directive 95\/46\/EC (hereinafter referred to as the &#8220;<\/span><b><i>General Data Protection Regulation<\/i><\/b><span style=\"font-weight: 400;\">&#8220;).\u00a0<\/span><\/p><p><span style=\"font-weight: 400;\">Therefore, in accordance with the provisions of Article 13 et seq. of the General Data Protection Regulation, we provide you with information about the processing of your personal data and your rights related to the processing of your personal data.<\/span><\/p><p><span style=\"font-weight: 400;\">We process your personal data because the processing is necessary to enable us to respond to your enquiry or request made by you in the contact form on our website <\/span><a href=\"http:\/\/www.saleshouse.eu\"><span style=\"font-weight: 400;\">www.saleshouse.eu<\/span><\/a><span style=\"font-weight: 400;\">.<\/span><\/p><p><span style=\"font-weight: 400;\">We inform you that your personal data is processed in the following scope: name, surname, e-mail. Personal data will be processed until your question or request is answered or responded to your final satisfaction.<\/span><\/p><p><span style=\"font-weight: 400;\">In the course of its activities, the data controller processes and stores your personal data under the conditions and within the limits set by the applicable legislation, in particular in accordance with the provisions of Article 6(1)(f) of the General Data Protection Regulation, for the purpose of sending a response to your request or enquiry.\u00a0<\/span><\/p><p><span style=\"font-weight: 400;\">Your personal data is processed automatically in electronic form.\u00a0<\/span><\/p><p><span style=\"font-weight: 400;\">You have the right to ask the controller for information about the processing of your personal data.\u00a0<\/span><\/p><p><span style=\"font-weight: 400;\">You have the right to have inaccurate personal data concerning you rectified by the controller without undue delay. Taking into account the purposes of the processing, you have the right to have incomplete personal data completed, including by providing an additional declaration.<\/span><\/p><p><span style=\"font-weight: 400;\">You have the right to have the controller erase the personal data concerning you without undue delay and the controller is obliged to erase the personal data without undue delay if one of the grounds set out in the General Data Protection Regulation applies.\u00a0\u00a0<\/span><\/p><p><span style=\"font-weight: 400;\">You have the right to have the controller restrict the processing of personal data in the cases provided for in the General Data Protection Regulation.\u00a0<\/span><\/p><p><span style=\"font-weight: 400;\">You have the right to obtain the personal data concerning you that you have provided to the controller in a structured, commonly used and machine-readable format and to transmit that data to another controller without hindrance from the controller, in the cases provided for in the General Data Protection Regulation.\u00a0<\/span><\/p><p><span style=\"font-weight: 400;\">If you believe that there has been a breach of the law in relation to the protection of your personal data, you have the right to lodge a complaint with a supervisory authority. The supervisory authority in the Czech Republic is the Office for Personal Data Protection.<\/span><\/p><\/div>\n\t\t\t\t<\/div>\n\t\t\t\t<\/div>\n\t\t\t\t\t\t<\/div>\n\t\t\t\t\t<\/div>\n\t\t<\/div>\n\t\t\t\t\t\t\t\t<\/div>\n\t\t\t\t\t<\/div>\n\t\t<\/section>\n\t\t\t\t\t\t<\/div>\n\t\t\t\t\t\t<\/div>\n\t\t\t\t\t<\/div>\n\t\t","protected":false},"excerpt":{"rendered":"<p>INFORMATION ON THE PROCESSING OF PERSONAL DATA INFORMATION ON RIGHTS IN RELATION TO THE PROTECTION OF PERSONAL DATA Since you have filled in the contact form on the website of our company Sales House s. r. o. &nbsp;VAT No. 28973127, with registered office at Vinohradsk\u00e1 2828\/151, 130 00&nbsp; Prague 3, you expect Sales House s.&hellip;<\/p>\n","protected":false},"author":1,"featured_media":0,"parent":0,"menu_order":0,"comment_status":"closed","ping_status":"closed","template":"","meta":[],"yoast_head":"<!-- This site is optimized with the Yoast SEO plugin v19.14 - https:\/\/yoast.com\/wordpress\/plugins\/seo\/ -->\n<title>GDPR - Sales House<\/title>\n<meta name=\"description\" content=\"Information on the processing of personal data, information on rights in relation to the protection of personal data.\" \/>\n<meta name=\"robots\" content=\"index, follow, max-snippet:-1, max-image-preview:large, max-video-preview:-1\" \/>\n<link rel=\"canonical\" href=\"https:\/\/saleshouse.eu\/en\/gdpr\/\" \/>\n<meta property=\"og:locale\" content=\"en_US\" \/>\n<meta property=\"og:type\" content=\"article\" \/>\n<meta property=\"og:title\" content=\"GDPR - Sales House\" \/>\n<meta property=\"og:description\" content=\"Information on the processing of personal data, information on rights in relation to the protection of personal data.\" \/>\n<meta property=\"og:url\" content=\"https:\/\/saleshouse.eu\/en\/gdpr\/\" \/>\n<meta property=\"og:site_name\" content=\"Sales House\" \/>\n<meta property=\"article:modified_time\" content=\"2023-03-02T12:12:28+00:00\" \/>\n<meta name=\"twitter:card\" content=\"summary_large_image\" \/>\n<meta name=\"twitter:label1\" content=\"Est. reading time\" \/>\n\t<meta name=\"twitter:data1\" content=\"4 minutes\" \/>\n<script type=\"application\/ld+json\" class=\"yoast-schema-graph\">{\"@context\":\"https:\/\/schema.org\",\"@graph\":[{\"@type\":\"WebPage\",\"@id\":\"https:\/\/saleshouse.eu\/en\/gdpr\/\",\"url\":\"https:\/\/saleshouse.eu\/en\/gdpr\/\",\"name\":\"GDPR - Sales House\",\"isPartOf\":{\"@id\":\"http:\/\/saleshouse.eu\/#website\"},\"datePublished\":\"2022-12-04T13:20:58+00:00\",\"dateModified\":\"2023-03-02T12:12:28+00:00\",\"description\":\"Information on the processing of personal data, information on rights in relation to the protection of personal data.\",\"breadcrumb\":{\"@id\":\"https:\/\/saleshouse.eu\/en\/gdpr\/#breadcrumb\"},\"inLanguage\":\"en-US\",\"potentialAction\":[{\"@type\":\"ReadAction\",\"target\":[\"https:\/\/saleshouse.eu\/en\/gdpr\/\"]}]},{\"@type\":\"BreadcrumbList\",\"@id\":\"https:\/\/saleshouse.eu\/en\/gdpr\/#breadcrumb\",\"itemListElement\":[{\"@type\":\"ListItem\",\"position\":1,\"name\":\"Home\",\"item\":\"https:\/\/saleshouse.eu\/en\/\"},{\"@type\":\"ListItem\",\"position\":2,\"name\":\"GDPR\"}]},{\"@type\":\"WebSite\",\"@id\":\"http:\/\/saleshouse.eu\/#website\",\"url\":\"http:\/\/saleshouse.eu\/\",\"name\":\"Sales House\",\"description\":\"Pom\u00e1h\u00e1me zna\u010dk\u00e1m prod\u00e1vat v\u0161ude, kde lid\u00e9 nakupuj\u00ed.\",\"publisher\":{\"@id\":\"http:\/\/saleshouse.eu\/#organization\"},\"potentialAction\":[{\"@type\":\"SearchAction\",\"target\":{\"@type\":\"EntryPoint\",\"urlTemplate\":\"http:\/\/saleshouse.eu\/?s={search_term_string}\"},\"query-input\":\"required name=search_term_string\"}],\"inLanguage\":\"en-US\"},{\"@type\":\"Organization\",\"@id\":\"http:\/\/saleshouse.eu\/#organization\",\"name\":\"Sales House\",\"url\":\"http:\/\/saleshouse.eu\/\",\"logo\":{\"@type\":\"ImageObject\",\"inLanguage\":\"en-US\",\"@id\":\"http:\/\/saleshouse.eu\/#\/schema\/logo\/image\/\",\"url\":\"https:\/\/saleshouse.eu\/wp-content\/uploads\/2022\/10\/Sales-House-logo_bez-stinu.png\",\"contentUrl\":\"https:\/\/saleshouse.eu\/wp-content\/uploads\/2022\/10\/Sales-House-logo_bez-stinu.png\",\"width\":1417,\"height\":975,\"caption\":\"Sales House\"},\"image\":{\"@id\":\"http:\/\/saleshouse.eu\/#\/schema\/logo\/image\/\"}}]}<\/script>\n<!-- \/ Yoast SEO plugin. -->","yoast_head_json":{"title":"GDPR - Sales House","description":"Information on the processing of personal data, information on rights in relation to the protection of personal data.","robots":{"index":"index","follow":"follow","max-snippet":"max-snippet:-1","max-image-preview":"max-image-preview:large","max-video-preview":"max-video-preview:-1"},"canonical":"https:\/\/saleshouse.eu\/en\/gdpr\/","og_locale":"en_US","og_type":"article","og_title":"GDPR - Sales House","og_description":"Information on the processing of personal data, information on rights in relation to the protection of personal data.","og_url":"https:\/\/saleshouse.eu\/en\/gdpr\/","og_site_name":"Sales House","article_modified_time":"2023-03-02T12:12:28+00:00","twitter_card":"summary_large_image","twitter_misc":{"Est. reading time":"4 minutes"},"schema":{"@context":"https:\/\/schema.org","@graph":[{"@type":"WebPage","@id":"https:\/\/saleshouse.eu\/en\/gdpr\/","url":"https:\/\/saleshouse.eu\/en\/gdpr\/","name":"GDPR - Sales House","isPartOf":{"@id":"http:\/\/saleshouse.eu\/#website"},"datePublished":"2022-12-04T13:20:58+00:00","dateModified":"2023-03-02T12:12:28+00:00","description":"Information on the processing of personal data, information on rights in relation to the protection of personal data.","breadcrumb":{"@id":"https:\/\/saleshouse.eu\/en\/gdpr\/#breadcrumb"},"inLanguage":"en-US","potentialAction":[{"@type":"ReadAction","target":["https:\/\/saleshouse.eu\/en\/gdpr\/"]}]},{"@type":"BreadcrumbList","@id":"https:\/\/saleshouse.eu\/en\/gdpr\/#breadcrumb","itemListElement":[{"@type":"ListItem","position":1,"name":"Home","item":"https:\/\/saleshouse.eu\/en\/"},{"@type":"ListItem","position":2,"name":"GDPR"}]},{"@type":"WebSite","@id":"http:\/\/saleshouse.eu\/#website","url":"http:\/\/saleshouse.eu\/","name":"Sales House","description":"Pom\u00e1h\u00e1me zna\u010dk\u00e1m prod\u00e1vat v\u0161ude, kde lid\u00e9 nakupuj\u00ed.","publisher":{"@id":"http:\/\/saleshouse.eu\/#organization"},"potentialAction":[{"@type":"SearchAction","target":{"@type":"EntryPoint","urlTemplate":"http:\/\/saleshouse.eu\/?s={search_term_string}"},"query-input":"required name=search_term_string"}],"inLanguage":"en-US"},{"@type":"Organization","@id":"http:\/\/saleshouse.eu\/#organization","name":"Sales House","url":"http:\/\/saleshouse.eu\/","logo":{"@type":"ImageObject","inLanguage":"en-US","@id":"http:\/\/saleshouse.eu\/#\/schema\/logo\/image\/","url":"https:\/\/saleshouse.eu\/wp-content\/uploads\/2022\/10\/Sales-House-logo_bez-stinu.png","contentUrl":"https:\/\/saleshouse.eu\/wp-content\/uploads\/2022\/10\/Sales-House-logo_bez-stinu.png","width":1417,"height":975,"caption":"Sales House"},"image":{"@id":"http:\/\/saleshouse.eu\/#\/schema\/logo\/image\/"}}]}},"_links":{"self":[{"href":"https:\/\/saleshouse.eu\/en\/wp-json\/wp\/v2\/pages\/7269"}],"collection":[{"href":"https:\/\/saleshouse.eu\/en\/wp-json\/wp\/v2\/pages"}],"about":[{"href":"https:\/\/saleshouse.eu\/en\/wp-json\/wp\/v2\/types\/page"}],"author":[{"embeddable":true,"href":"https:\/\/saleshouse.eu\/en\/wp-json\/wp\/v2\/users\/1"}],"replies":[{"embeddable":true,"href":"https:\/\/saleshouse.eu\/en\/wp-json\/wp\/v2\/comments?post=7269"}],"version-history":[{"count":9,"href":"https:\/\/saleshouse.eu\/en\/wp-json\/wp\/v2\/pages\/7269\/revisions"}],"predecessor-version":[{"id":7612,"href":"https:\/\/saleshouse.eu\/en\/wp-json\/wp\/v2\/pages\/7269\/revisions\/7612"}],"wp:attachment":[{"href":"https:\/\/saleshouse.eu\/en\/wp-json\/wp\/v2\/media?parent=7269"}],"curies":[{"name":"wp","href":"https:\/\/api.w.org\/{rel}","templated":true}]}}