{"id":7384,"date":"2022-12-18T17:50:23","date_gmt":"2022-12-18T17:50:23","guid":{"rendered":"https:\/\/saleshouse.eu\/?page_id=7384"},"modified":"2023-08-15T09:26:56","modified_gmt":"2023-08-15T09:26:56","slug":"dakujeme","status":"publish","type":"page","link":"http:\/\/saleshouse.eu\/sk\/dakujeme\/","title":{"rendered":"\u010eakujeme"},"content":{"rendered":"<h1>\u010eakujeme V\u00e1m za spr\u00e1vu<\/h1>\n<p style=\"text-align: center;\">Ozveme sa V\u00e1m \u010do najsk\u00f4r<\/p>\n","protected":false},"excerpt":{"rendered":"<p>\u010eakujeme V\u00e1m za spr\u00e1vu Ozveme sa V\u00e1m \u010do najsk\u00f4r<\/p>\n","protected":false},"author":1,"featured_media":0,"parent":0,"menu_order":0,"comment_status":"closed","ping_status":"closed","template":"","meta":[],"yoast_head":"<!-- This site is optimized with the Yoast SEO plugin v19.14 - https:\/\/yoast.com\/wordpress\/plugins\/seo\/ -->\n<title>\u010eakujeme - Sales House<\/title>\n<meta name=\"description\" content=\"\u010eakujeme V\u00e1m za spr\u00e1vu, ozveme sa V\u00e1m \u010do najsk\u00f4r.\" \/>\n<meta name=\"robots\" content=\"index, follow, max-snippet:-1, max-image-preview:large, max-video-preview:-1\" \/>\n<link rel=\"canonical\" href=\"https:\/\/saleshouse.eu\/sk\/dakujeme\/\" \/>\n<meta property=\"og:locale\" content=\"sk_SK\" \/>\n<meta property=\"og:type\" content=\"article\" \/>\n<meta property=\"og:title\" content=\"\u010eakujeme - Sales House\" \/>\n<meta property=\"og:description\" content=\"\u010eakujeme V\u00e1m za spr\u00e1vu, ozveme sa V\u00e1m \u010do najsk\u00f4r.\" \/>\n<meta property=\"og:url\" content=\"https:\/\/saleshouse.eu\/sk\/dakujeme\/\" \/>\n<meta property=\"og:site_name\" content=\"Sales House\" \/>\n<meta property=\"article:modified_time\" content=\"2023-08-15T09:26:56+00:00\" \/>\n<meta name=\"twitter:card\" content=\"summary_large_image\" \/>\n<meta name=\"twitter:label1\" content=\"Est. reading time\" \/>\n\t<meta name=\"twitter:data1\" content=\"1 minute\" \/>\n<script type=\"application\/ld+json\" class=\"yoast-schema-graph\">{\"@context\":\"https:\/\/schema.org\",\"@graph\":[{\"@type\":\"WebPage\",\"@id\":\"https:\/\/saleshouse.eu\/sk\/dakujeme\/\",\"url\":\"https:\/\/saleshouse.eu\/sk\/dakujeme\/\",\"name\":\"\u010eakujeme - Sales House\",\"isPartOf\":{\"@id\":\"http:\/\/saleshouse.eu\/#website\"},\"datePublished\":\"2022-12-18T17:50:23+00:00\",\"dateModified\":\"2023-08-15T09:26:56+00:00\",\"description\":\"\u010eakujeme V\u00e1m za spr\u00e1vu, ozveme sa V\u00e1m \u010do najsk\u00f4r.\",\"breadcrumb\":{\"@id\":\"https:\/\/saleshouse.eu\/sk\/dakujeme\/#breadcrumb\"},\"inLanguage\":\"sk-SK\",\"potentialAction\":[{\"@type\":\"ReadAction\",\"target\":[\"https:\/\/saleshouse.eu\/sk\/dakujeme\/\"]}]},{\"@type\":\"BreadcrumbList\",\"@id\":\"https:\/\/saleshouse.eu\/sk\/dakujeme\/#breadcrumb\",\"itemListElement\":[{\"@type\":\"ListItem\",\"position\":1,\"name\":\"Home\",\"item\":\"http:\/\/saleshouse.eu\/sk\/\"},{\"@type\":\"ListItem\",\"position\":2,\"name\":\"\u010eakujeme\"}]},{\"@type\":\"WebSite\",\"@id\":\"http:\/\/saleshouse.eu\/#website\",\"url\":\"http:\/\/saleshouse.eu\/\",\"name\":\"Sales House\",\"description\":\"Pom\u00e1h\u00e1me zna\u010dk\u00e1m prod\u00e1vat v\u0161ude, kde lid\u00e9 nakupuj\u00ed.\",\"publisher\":{\"@id\":\"http:\/\/saleshouse.eu\/#organization\"},\"potentialAction\":[{\"@type\":\"SearchAction\",\"target\":{\"@type\":\"EntryPoint\",\"urlTemplate\":\"http:\/\/saleshouse.eu\/?s={search_term_string}\"},\"query-input\":\"required name=search_term_string\"}],\"inLanguage\":\"sk-SK\"},{\"@type\":\"Organization\",\"@id\":\"http:\/\/saleshouse.eu\/#organization\",\"name\":\"Sales House\",\"url\":\"http:\/\/saleshouse.eu\/\",\"logo\":{\"@type\":\"ImageObject\",\"inLanguage\":\"sk-SK\",\"@id\":\"http:\/\/saleshouse.eu\/#\/schema\/logo\/image\/\",\"url\":\"http:\/\/saleshouse.eu\/wp-content\/uploads\/2022\/10\/Sales-House-logo_bez-stinu.png\",\"contentUrl\":\"http:\/\/saleshouse.eu\/wp-content\/uploads\/2022\/10\/Sales-House-logo_bez-stinu.png\",\"width\":1417,\"height\":975,\"caption\":\"Sales House\"},\"image\":{\"@id\":\"http:\/\/saleshouse.eu\/#\/schema\/logo\/image\/\"}}]}<\/script>\n<!-- \/ Yoast SEO plugin. -->","yoast_head_json":{"title":"\u010eakujeme - Sales House","description":"\u010eakujeme V\u00e1m za spr\u00e1vu, ozveme sa V\u00e1m \u010do najsk\u00f4r.","robots":{"index":"index","follow":"follow","max-snippet":"max-snippet:-1","max-image-preview":"max-image-preview:large","max-video-preview":"max-video-preview:-1"},"canonical":"https:\/\/saleshouse.eu\/sk\/dakujeme\/","og_locale":"sk_SK","og_type":"article","og_title":"\u010eakujeme - Sales House","og_description":"\u010eakujeme V\u00e1m za spr\u00e1vu, ozveme sa V\u00e1m \u010do najsk\u00f4r.","og_url":"https:\/\/saleshouse.eu\/sk\/dakujeme\/","og_site_name":"Sales House","article_modified_time":"2023-08-15T09:26:56+00:00","twitter_card":"summary_large_image","twitter_misc":{"Est. reading time":"1 minute"},"schema":{"@context":"https:\/\/schema.org","@graph":[{"@type":"WebPage","@id":"https:\/\/saleshouse.eu\/sk\/dakujeme\/","url":"https:\/\/saleshouse.eu\/sk\/dakujeme\/","name":"\u010eakujeme - Sales House","isPartOf":{"@id":"http:\/\/saleshouse.eu\/#website"},"datePublished":"2022-12-18T17:50:23+00:00","dateModified":"2023-08-15T09:26:56+00:00","description":"\u010eakujeme V\u00e1m za spr\u00e1vu, ozveme sa V\u00e1m \u010do najsk\u00f4r.","breadcrumb":{"@id":"https:\/\/saleshouse.eu\/sk\/dakujeme\/#breadcrumb"},"inLanguage":"sk-SK","potentialAction":[{"@type":"ReadAction","target":["https:\/\/saleshouse.eu\/sk\/dakujeme\/"]}]},{"@type":"BreadcrumbList","@id":"https:\/\/saleshouse.eu\/sk\/dakujeme\/#breadcrumb","itemListElement":[{"@type":"ListItem","position":1,"name":"Home","item":"http:\/\/saleshouse.eu\/sk\/"},{"@type":"ListItem","position":2,"name":"\u010eakujeme"}]},{"@type":"WebSite","@id":"http:\/\/saleshouse.eu\/#website","url":"http:\/\/saleshouse.eu\/","name":"Sales House","description":"Pom\u00e1h\u00e1me zna\u010dk\u00e1m prod\u00e1vat v\u0161ude, kde lid\u00e9 nakupuj\u00ed.","publisher":{"@id":"http:\/\/saleshouse.eu\/#organization"},"potentialAction":[{"@type":"SearchAction","target":{"@type":"EntryPoint","urlTemplate":"http:\/\/saleshouse.eu\/?s={search_term_string}"},"query-input":"required name=search_term_string"}],"inLanguage":"sk-SK"},{"@type":"Organization","@id":"http:\/\/saleshouse.eu\/#organization","name":"Sales House","url":"http:\/\/saleshouse.eu\/","logo":{"@type":"ImageObject","inLanguage":"sk-SK","@id":"http:\/\/saleshouse.eu\/#\/schema\/logo\/image\/","url":"http:\/\/saleshouse.eu\/wp-content\/uploads\/2022\/10\/Sales-House-logo_bez-stinu.png","contentUrl":"http:\/\/saleshouse.eu\/wp-content\/uploads\/2022\/10\/Sales-House-logo_bez-stinu.png","width":1417,"height":975,"caption":"Sales House"},"image":{"@id":"http:\/\/saleshouse.eu\/#\/schema\/logo\/image\/"}}]}},"_links":{"self":[{"href":"http:\/\/saleshouse.eu\/sk\/wp-json\/wp\/v2\/pages\/7384"}],"collection":[{"href":"http:\/\/saleshouse.eu\/sk\/wp-json\/wp\/v2\/pages"}],"about":[{"href":"http:\/\/saleshouse.eu\/sk\/wp-json\/wp\/v2\/types\/page"}],"author":[{"embeddable":true,"href":"http:\/\/saleshouse.eu\/sk\/wp-json\/wp\/v2\/users\/1"}],"replies":[{"embeddable":true,"href":"http:\/\/saleshouse.eu\/sk\/wp-json\/wp\/v2\/comments?post=7384"}],"version-history":[{"count":12,"href":"http:\/\/saleshouse.eu\/sk\/wp-json\/wp\/v2\/pages\/7384\/revisions"}],"predecessor-version":[{"id":8267,"href":"http:\/\/saleshouse.eu\/sk\/wp-json\/wp\/v2\/pages\/7384\/revisions\/8267"}],"wp:attachment":[{"href":"http:\/\/saleshouse.eu\/sk\/wp-json\/wp\/v2\/media?parent=7384"}],"curies":[{"name":"wp","href":"https:\/\/api.w.org\/{rel}","templated":true}]}}